{"id":3253,"date":"2024-03-08T16:06:17","date_gmt":"2024-03-08T15:06:17","guid":{"rendered":"https:\/\/agritechcenter.it\/innovation-broker\/"},"modified":"2024-03-08T16:15:37","modified_gmt":"2024-03-08T15:15:37","slug":"innovation-broker","status":"publish","type":"page","link":"https:\/\/staging.agritechcenter.it\/it\/innovation-broker\/","title":{"rendered":"Innovation Broker"},"content":{"rendered":"\t\t<div data-elementor-type=\"wp-page\" data-elementor-id=\"3253\" class=\"elementor elementor-3253 elementor-3236\" data-elementor-post-type=\"page\">\n\t\t\t\t<div class=\"elementor-element elementor-element-08e3b1a e-flex e-con-boxed e-con e-parent\" data-id=\"08e3b1a\" data-element_type=\"container\">\n\t\t\t\t\t<div class=\"e-con-inner\">\n\t\t<div class=\"elementor-element elementor-element-bff74d4 e-con-full e-flex e-con e-child\" data-id=\"bff74d4\" data-element_type=\"container\">\n\t\t\t\t<div class=\"elementor-element elementor-element-76b4779 elementor-widget elementor-widget-image\" data-id=\"76b4779\" data-element_type=\"widget\" data-widget_type=\"image.default\">\n\t\t\t\t<div class=\"elementor-widget-container\">\n\t\t\t<style>\/*! elementor - v3.21.0 - 15-04-2024 *\/\n.elementor-widget-image{text-align:center}.elementor-widget-image a{display:inline-block}.elementor-widget-image a img[src$=\".svg\"]{width:48px}.elementor-widget-image img{vertical-align:middle;display:inline-block}<\/style>\t\t\t\t\t\t\t\t\t\t<img fetchpriority=\"high\" decoding=\"async\" width=\"1024\" height=\"768\" src=\"https:\/\/staging.agritechcenter.it\/wp-content\/uploads\/2024\/03\/Serrone-Francesca.jpg\" class=\"attachment-large size-large wp-image-3239\" alt=\"\" srcset=\"https:\/\/staging.agritechcenter.it\/wp-content\/uploads\/2024\/03\/Serrone-Francesca.jpg 1024w, https:\/\/staging.agritechcenter.it\/wp-content\/uploads\/2024\/03\/Serrone-Francesca-300x225.jpg 300w, https:\/\/staging.agritechcenter.it\/wp-content\/uploads\/2024\/03\/Serrone-Francesca-768x576.jpg 768w\" sizes=\"(max-width: 1024px) 100vw, 1024px\" \/>\t\t\t\t\t\t\t\t\t\t\t\t\t<\/div>\n\t\t\t\t<\/div>\n\t\t\t\t<\/div>\n\t\t<div class=\"elementor-element elementor-element-fe92689 e-con-full e-flex e-con e-child\" data-id=\"fe92689\" data-element_type=\"container\">\n\t\t\t\t<div class=\"elementor-element elementor-element-0c21ee2 elementor-widget elementor-widget-text-editor\" data-id=\"0c21ee2\" data-element_type=\"widget\" data-widget_type=\"text-editor.default\">\n\t\t\t\t<div class=\"elementor-widget-container\">\n\t\t\t<style>\/*! elementor - v3.21.0 - 15-04-2024 *\/\n.elementor-widget-text-editor.elementor-drop-cap-view-stacked .elementor-drop-cap{background-color:#69727d;color:#fff}.elementor-widget-text-editor.elementor-drop-cap-view-framed .elementor-drop-cap{color:#69727d;border:3px solid;background-color:transparent}.elementor-widget-text-editor:not(.elementor-drop-cap-view-default) .elementor-drop-cap{margin-top:8px}.elementor-widget-text-editor:not(.elementor-drop-cap-view-default) .elementor-drop-cap-letter{width:1em;height:1em}.elementor-widget-text-editor .elementor-drop-cap{float:left;text-align:center;line-height:1;font-size:50px}.elementor-widget-text-editor .elementor-drop-cap-letter{display:inline-block}<\/style>\t\t\t\t<h6><strong>Francesca Serrone <\/strong><br \/>Sono <em>Innovation Broker<\/em> presso l&#8217;<strong>Hub Agritech<\/strong>. Ho conseguito una specializzazione in <em>Precision Livestock Farming<\/em> presso l\u2019<strong>Universit\u00e0 degli Studi di<\/strong> <strong>Napoli Federico II<\/strong>, acquisendo una solida base di conoscenze nel campo zootecnico e agroalimentare. La mia formazione \u00e8 stata arricchita dalla partecipazione al corso di alta formazione presso l&#8217;<strong>Agritech Academy<\/strong>, offrendomi un ulteriore approfondimento sull&#8217;innovazione e sulla sostenibilit\u00e0 nel settore agricolo. Il mio ruolo consiste nel facilitare la comunicazione e stabilire collegamenti tra il mondo della ricerca e quello aziendale, fornendo supporto per risolvere problemi e introdurre tecnologie innovative. Il mio obiettivo \u00e8 promuovere progetti volti a migliorare la tracciabilit\u00e0 alimentare, la sostenibilit\u00e0 ambientale e ridurre l&#8217;impatto ecologico delle attivit\u00e0 zootecniche e agroalimentari. Attraverso l&#8217;adozione delle pi\u00f9 recenti tecnologie, miriamo a contribuire a un futuro agricolo pi\u00f9 efficiente, sostenibile e green.<\/h6>\n\t\t\t\t\t\t<\/div>\n\t\t\t\t<\/div>\n\t\t\t\t<\/div>\n\t\t\t\t\t<\/div>\n\t\t\t\t<\/div>\n\t\t<div class=\"elementor-element elementor-element-5e688b6 e-flex e-con-boxed e-con e-parent\" data-id=\"5e688b6\" data-element_type=\"container\">\n\t\t\t\t\t<div class=\"e-con-inner\">\n\t\t\t\t<div class=\"elementor-element elementor-element-ef85347 elementor-widget-divider--view-line elementor-widget elementor-widget-divider\" data-id=\"ef85347\" data-element_type=\"widget\" data-widget_type=\"divider.default\">\n\t\t\t\t<div class=\"elementor-widget-container\">\n\t\t\t<style>\/*! elementor - v3.21.0 - 15-04-2024 *\/\n.elementor-widget-divider{--divider-border-style:none;--divider-border-width:1px;--divider-color:#0c0d0e;--divider-icon-size:20px;--divider-element-spacing:10px;--divider-pattern-height:24px;--divider-pattern-size:20px;--divider-pattern-url:none;--divider-pattern-repeat:repeat-x}.elementor-widget-divider .elementor-divider{display:flex}.elementor-widget-divider .elementor-divider__text{font-size:15px;line-height:1;max-width:95%}.elementor-widget-divider .elementor-divider__element{margin:0 var(--divider-element-spacing);flex-shrink:0}.elementor-widget-divider .elementor-icon{font-size:var(--divider-icon-size)}.elementor-widget-divider .elementor-divider-separator{display:flex;margin:0;direction:ltr}.elementor-widget-divider--view-line_icon .elementor-divider-separator,.elementor-widget-divider--view-line_text .elementor-divider-separator{align-items:center}.elementor-widget-divider--view-line_icon .elementor-divider-separator:after,.elementor-widget-divider--view-line_icon .elementor-divider-separator:before,.elementor-widget-divider--view-line_text .elementor-divider-separator:after,.elementor-widget-divider--view-line_text .elementor-divider-separator:before{display:block;content:\"\";border-block-end:0;flex-grow:1;border-block-start:var(--divider-border-width) var(--divider-border-style) var(--divider-color)}.elementor-widget-divider--element-align-left .elementor-divider .elementor-divider-separator>.elementor-divider__svg:first-of-type{flex-grow:0;flex-shrink:100}.elementor-widget-divider--element-align-left .elementor-divider-separator:before{content:none}.elementor-widget-divider--element-align-left .elementor-divider__element{margin-left:0}.elementor-widget-divider--element-align-right .elementor-divider .elementor-divider-separator>.elementor-divider__svg:last-of-type{flex-grow:0;flex-shrink:100}.elementor-widget-divider--element-align-right .elementor-divider-separator:after{content:none}.elementor-widget-divider--element-align-right .elementor-divider__element{margin-right:0}.elementor-widget-divider--element-align-start .elementor-divider .elementor-divider-separator>.elementor-divider__svg:first-of-type{flex-grow:0;flex-shrink:100}.elementor-widget-divider--element-align-start .elementor-divider-separator:before{content:none}.elementor-widget-divider--element-align-start .elementor-divider__element{margin-inline-start:0}.elementor-widget-divider--element-align-end .elementor-divider .elementor-divider-separator>.elementor-divider__svg:last-of-type{flex-grow:0;flex-shrink:100}.elementor-widget-divider--element-align-end .elementor-divider-separator:after{content:none}.elementor-widget-divider--element-align-end .elementor-divider__element{margin-inline-end:0}.elementor-widget-divider:not(.elementor-widget-divider--view-line_text):not(.elementor-widget-divider--view-line_icon) .elementor-divider-separator{border-block-start:var(--divider-border-width) var(--divider-border-style) var(--divider-color)}.elementor-widget-divider--separator-type-pattern{--divider-border-style:none}.elementor-widget-divider--separator-type-pattern.elementor-widget-divider--view-line .elementor-divider-separator,.elementor-widget-divider--separator-type-pattern:not(.elementor-widget-divider--view-line) .elementor-divider-separator:after,.elementor-widget-divider--separator-type-pattern:not(.elementor-widget-divider--view-line) .elementor-divider-separator:before,.elementor-widget-divider--separator-type-pattern:not([class*=elementor-widget-divider--view]) .elementor-divider-separator{width:100%;min-height:var(--divider-pattern-height);-webkit-mask-size:var(--divider-pattern-size) 100%;mask-size:var(--divider-pattern-size) 100%;-webkit-mask-repeat:var(--divider-pattern-repeat);mask-repeat:var(--divider-pattern-repeat);background-color:var(--divider-color);-webkit-mask-image:var(--divider-pattern-url);mask-image:var(--divider-pattern-url)}.elementor-widget-divider--no-spacing{--divider-pattern-size:auto}.elementor-widget-divider--bg-round{--divider-pattern-repeat:round}.rtl .elementor-widget-divider .elementor-divider__text{direction:rtl}.e-con-inner>.elementor-widget-divider,.e-con>.elementor-widget-divider{width:var(--container-widget-width,100%);--flex-grow:var(--container-widget-flex-grow)}<\/style>\t\t<div class=\"elementor-divider\">\n\t\t\t<span class=\"elementor-divider-separator\">\n\t\t\t\t\t\t<\/span>\n\t\t<\/div>\n\t\t\t\t<\/div>\n\t\t\t\t<\/div>\n\t\t\t\t\t<\/div>\n\t\t\t\t<\/div>\n\t\t<div class=\"elementor-element elementor-element-03e2ac2 e-flex e-con-boxed e-con e-parent\" data-id=\"03e2ac2\" data-element_type=\"container\">\n\t\t\t\t\t<div class=\"e-con-inner\">\n\t\t<div class=\"elementor-element elementor-element-56e0a5a e-con-full e-flex e-con e-child\" data-id=\"56e0a5a\" data-element_type=\"container\">\n\t\t\t\t<div class=\"elementor-element elementor-element-897171b elementor-widget elementor-widget-image\" data-id=\"897171b\" data-element_type=\"widget\" data-widget_type=\"image.default\">\n\t\t\t\t<div class=\"elementor-widget-container\">\n\t\t\t\t\t\t\t\t\t\t\t\t\t<img decoding=\"async\" width=\"1024\" height=\"768\" src=\"https:\/\/staging.agritechcenter.it\/wp-content\/uploads\/2024\/03\/Pilloni_Alessio.jpg\" class=\"attachment-large size-large wp-image-3247\" alt=\"\" srcset=\"https:\/\/staging.agritechcenter.it\/wp-content\/uploads\/2024\/03\/Pilloni_Alessio.jpg 1024w, https:\/\/staging.agritechcenter.it\/wp-content\/uploads\/2024\/03\/Pilloni_Alessio-300x225.jpg 300w, https:\/\/staging.agritechcenter.it\/wp-content\/uploads\/2024\/03\/Pilloni_Alessio-768x576.jpg 768w\" sizes=\"(max-width: 1024px) 100vw, 1024px\" \/>\t\t\t\t\t\t\t\t\t\t\t\t\t<\/div>\n\t\t\t\t<\/div>\n\t\t\t\t<\/div>\n\t\t<div class=\"elementor-element elementor-element-9976388 e-con-full e-flex e-con e-child\" data-id=\"9976388\" data-element_type=\"container\">\n\t\t\t\t<div class=\"elementor-element elementor-element-e2a593e elementor-widget elementor-widget-text-editor\" data-id=\"e2a593e\" data-element_type=\"widget\" data-widget_type=\"text-editor.default\">\n\t\t\t\t<div class=\"elementor-widget-container\">\n\t\t\t\t\t\t\t<h6><strong>Alessio Pilloni <\/strong><br \/>Sono <em>Innovation Broker<\/em> presso l\u2019<strong>hub Agritech<\/strong>, laureato in <em>Scienze e Tecnologie Agrarie<\/em> presso l&#8217;<strong>Universit\u00e0 degli Studi di Sassari<\/strong>, con una specializzazione nella difesa delle colture mediterranee. Attraverso un corso avanzato presso l&#8217;<strong>Agritech Accademy<\/strong>, ho approfondito le innovazioni nel campo delle tecnologie agricole 4.0, acquisendo competenze specializzate e aggiornate per affrontare le sfide del settore agricolo moderno. Come <em>Innovation Broker<\/em>, collego le ultime innovazioni nel settore agricolo con le esigenze dei produttori, con una particolare predilezione per l&#8217;idroponica e le <em>Vertical farm<\/em>, ma nello stesso tempo mantenendo un&#8217;ampia conoscenza e competenza in altri settori agricoli. Promuovo soluzioni per una produzione sostenibile ed efficiente, determinato a guidare il cambiamento e a rendere l&#8217;agricoltura pi\u00f9 resiliente alle sfide del futuro.<\/h6>\n\t\t\t\t\t\t<\/div>\n\t\t\t\t<\/div>\n\t\t\t\t<\/div>\n\t\t\t\t\t<\/div>\n\t\t\t\t<\/div>\n\t\t\t\t<\/div>\n\t\t","protected":false},"excerpt":{"rendered":"<p>Francesca Serrone Sono Innovation Broker presso l&#8217;Hub Agritech. Ho conseguito una specializzazione in Precision Livestock Farming presso l\u2019Universit\u00e0 degli Studi di Napoli Federico II, acquisendo una solida base di conoscenze nel campo zootecnico e agroalimentare. La mia formazione \u00e8 stata arricchita dalla partecipazione al corso di alta formazione presso l&#8217;Agritech Academy, offrendomi un ulteriore approfondimento &#8230; <a title=\"Innovation Broker\" class=\"read-more\" href=\"https:\/\/staging.agritechcenter.it\/it\/innovation-broker\/\" aria-label=\"Per saperne di pi\u00f9 su Innovation Broker\">Leggi tutto<\/a><\/p>\n","protected":false},"author":2,"featured_media":0,"parent":0,"menu_order":0,"comment_status":"closed","ping_status":"closed","template":"","meta":{"_acf_changed":false,"footnotes":""},"class_list":["post-3253","page","type-page","status-publish"],"acf":[],"yoast_head":"<!-- This site is optimized with the Yoast SEO plugin v22.4 - https:\/\/yoast.com\/wordpress\/plugins\/seo\/ -->\n<title>Innovation Broker - Agritech Center<\/title>\n<meta name=\"robots\" content=\"noindex, follow, max-snippet:-1, max-image-preview:large, max-video-preview:-1\" \/>\n<meta property=\"og:locale\" content=\"it_IT\" \/>\n<meta property=\"og:type\" content=\"article\" \/>\n<meta property=\"og:title\" content=\"Innovation Broker - Agritech Center\" \/>\n<meta property=\"og:description\" content=\"Francesca Serrone Sono Innovation Broker presso l&#8217;Hub Agritech. Ho conseguito una specializzazione in Precision Livestock Farming presso l\u2019Universit\u00e0 degli Studi di Napoli Federico II, acquisendo una solida base di conoscenze nel campo zootecnico e agroalimentare. La mia formazione \u00e8 stata arricchita dalla partecipazione al corso di alta formazione presso l&#8217;Agritech Academy, offrendomi un ulteriore approfondimento ... Leggi tutto\" \/>\n<meta property=\"og:url\" content=\"https:\/\/staging.agritechcenter.it\/it\/innovation-broker\/\" \/>\n<meta property=\"og:site_name\" content=\"Agritech Center\" \/>\n<meta property=\"article:modified_time\" content=\"2024-03-08T15:15:37+00:00\" \/>\n<meta property=\"og:image\" content=\"https:\/\/staging.agritechcenter.it\/wp-content\/uploads\/2024\/03\/Serrone-Francesca.jpg\" \/>\n<meta name=\"twitter:card\" content=\"summary_large_image\" \/>\n<meta name=\"twitter:label1\" content=\"Tempo di lettura stimato\" \/>\n\t<meta name=\"twitter:data1\" content=\"1 minuto\" \/>\n<script type=\"application\/ld+json\" class=\"yoast-schema-graph\">{\"@context\":\"https:\/\/schema.org\",\"@graph\":[{\"@type\":\"WebPage\",\"@id\":\"https:\/\/staging.agritechcenter.it\/it\/innovation-broker\/\",\"url\":\"https:\/\/staging.agritechcenter.it\/it\/innovation-broker\/\",\"name\":\"Innovation Broker - Agritech Center\",\"isPartOf\":{\"@id\":\"https:\/\/staging.agritechcenter.it\/#website\"},\"primaryImageOfPage\":{\"@id\":\"https:\/\/staging.agritechcenter.it\/it\/innovation-broker\/#primaryimage\"},\"image\":{\"@id\":\"https:\/\/staging.agritechcenter.it\/it\/innovation-broker\/#primaryimage\"},\"thumbnailUrl\":\"https:\/\/staging.agritechcenter.it\/wp-content\/uploads\/2024\/03\/Serrone-Francesca.jpg\",\"datePublished\":\"2024-03-08T15:06:17+00:00\",\"dateModified\":\"2024-03-08T15:15:37+00:00\",\"breadcrumb\":{\"@id\":\"https:\/\/staging.agritechcenter.it\/it\/innovation-broker\/#breadcrumb\"},\"inLanguage\":\"it-IT\",\"potentialAction\":[{\"@type\":\"ReadAction\",\"target\":[\"https:\/\/staging.agritechcenter.it\/it\/innovation-broker\/\"]}]},{\"@type\":\"ImageObject\",\"inLanguage\":\"it-IT\",\"@id\":\"https:\/\/staging.agritechcenter.it\/it\/innovation-broker\/#primaryimage\",\"url\":\"https:\/\/staging.agritechcenter.it\/wp-content\/uploads\/2024\/03\/Serrone-Francesca.jpg\",\"contentUrl\":\"https:\/\/staging.agritechcenter.it\/wp-content\/uploads\/2024\/03\/Serrone-Francesca.jpg\"},{\"@type\":\"BreadcrumbList\",\"@id\":\"https:\/\/staging.agritechcenter.it\/it\/innovation-broker\/#breadcrumb\",\"itemListElement\":[{\"@type\":\"ListItem\",\"position\":1,\"name\":\"Home\",\"item\":\"https:\/\/staging.agritechcenter.it\/it\/\"},{\"@type\":\"ListItem\",\"position\":2,\"name\":\"Innovation Broker\"}]},{\"@type\":\"WebSite\",\"@id\":\"https:\/\/staging.agritechcenter.it\/#website\",\"url\":\"https:\/\/staging.agritechcenter.it\/\",\"name\":\"Agritech Center\",\"description\":\"\",\"publisher\":{\"@id\":\"https:\/\/staging.agritechcenter.it\/#organization\"},\"potentialAction\":[{\"@type\":\"SearchAction\",\"target\":{\"@type\":\"EntryPoint\",\"urlTemplate\":\"https:\/\/staging.agritechcenter.it\/?s={search_term_string}\"},\"query-input\":\"required name=search_term_string\"}],\"inLanguage\":\"it-IT\"},{\"@type\":\"Organization\",\"@id\":\"https:\/\/staging.agritechcenter.it\/#organization\",\"name\":\"Agritech Center\",\"url\":\"https:\/\/staging.agritechcenter.it\/\",\"logo\":{\"@type\":\"ImageObject\",\"inLanguage\":\"it-IT\",\"@id\":\"https:\/\/staging.agritechcenter.it\/#\/schema\/logo\/image\/\",\"url\":\"https:\/\/staging.agritechcenter.it\/wp-content\/uploads\/2023\/11\/logoAgritech.png\",\"contentUrl\":\"https:\/\/staging.agritechcenter.it\/wp-content\/uploads\/2023\/11\/logoAgritech.png\",\"width\":600,\"height\":406,\"caption\":\"Agritech Center\"},\"image\":{\"@id\":\"https:\/\/staging.agritechcenter.it\/#\/schema\/logo\/image\/\"}}]}<\/script>\n<!-- \/ Yoast SEO plugin. -->","yoast_head_json":{"title":"Innovation Broker - Agritech Center","robots":{"index":"noindex","follow":"follow","max-snippet":"max-snippet:-1","max-image-preview":"max-image-preview:large","max-video-preview":"max-video-preview:-1"},"og_locale":"it_IT","og_type":"article","og_title":"Innovation Broker - Agritech Center","og_description":"Francesca Serrone Sono Innovation Broker presso l&#8217;Hub Agritech. Ho conseguito una specializzazione in Precision Livestock Farming presso l\u2019Universit\u00e0 degli Studi di Napoli Federico II, acquisendo una solida base di conoscenze nel campo zootecnico e agroalimentare. La mia formazione \u00e8 stata arricchita dalla partecipazione al corso di alta formazione presso l&#8217;Agritech Academy, offrendomi un ulteriore approfondimento ... Leggi tutto","og_url":"https:\/\/staging.agritechcenter.it\/it\/innovation-broker\/","og_site_name":"Agritech Center","article_modified_time":"2024-03-08T15:15:37+00:00","og_image":[{"url":"https:\/\/staging.agritechcenter.it\/wp-content\/uploads\/2024\/03\/Serrone-Francesca.jpg"}],"twitter_card":"summary_large_image","twitter_misc":{"Tempo di lettura stimato":"1 minuto"},"schema":{"@context":"https:\/\/schema.org","@graph":[{"@type":"WebPage","@id":"https:\/\/staging.agritechcenter.it\/it\/innovation-broker\/","url":"https:\/\/staging.agritechcenter.it\/it\/innovation-broker\/","name":"Innovation Broker - Agritech Center","isPartOf":{"@id":"https:\/\/staging.agritechcenter.it\/#website"},"primaryImageOfPage":{"@id":"https:\/\/staging.agritechcenter.it\/it\/innovation-broker\/#primaryimage"},"image":{"@id":"https:\/\/staging.agritechcenter.it\/it\/innovation-broker\/#primaryimage"},"thumbnailUrl":"https:\/\/staging.agritechcenter.it\/wp-content\/uploads\/2024\/03\/Serrone-Francesca.jpg","datePublished":"2024-03-08T15:06:17+00:00","dateModified":"2024-03-08T15:15:37+00:00","breadcrumb":{"@id":"https:\/\/staging.agritechcenter.it\/it\/innovation-broker\/#breadcrumb"},"inLanguage":"it-IT","potentialAction":[{"@type":"ReadAction","target":["https:\/\/staging.agritechcenter.it\/it\/innovation-broker\/"]}]},{"@type":"ImageObject","inLanguage":"it-IT","@id":"https:\/\/staging.agritechcenter.it\/it\/innovation-broker\/#primaryimage","url":"https:\/\/staging.agritechcenter.it\/wp-content\/uploads\/2024\/03\/Serrone-Francesca.jpg","contentUrl":"https:\/\/staging.agritechcenter.it\/wp-content\/uploads\/2024\/03\/Serrone-Francesca.jpg"},{"@type":"BreadcrumbList","@id":"https:\/\/staging.agritechcenter.it\/it\/innovation-broker\/#breadcrumb","itemListElement":[{"@type":"ListItem","position":1,"name":"Home","item":"https:\/\/staging.agritechcenter.it\/it\/"},{"@type":"ListItem","position":2,"name":"Innovation Broker"}]},{"@type":"WebSite","@id":"https:\/\/staging.agritechcenter.it\/#website","url":"https:\/\/staging.agritechcenter.it\/","name":"Agritech Center","description":"","publisher":{"@id":"https:\/\/staging.agritechcenter.it\/#organization"},"potentialAction":[{"@type":"SearchAction","target":{"@type":"EntryPoint","urlTemplate":"https:\/\/staging.agritechcenter.it\/?s={search_term_string}"},"query-input":"required name=search_term_string"}],"inLanguage":"it-IT"},{"@type":"Organization","@id":"https:\/\/staging.agritechcenter.it\/#organization","name":"Agritech Center","url":"https:\/\/staging.agritechcenter.it\/","logo":{"@type":"ImageObject","inLanguage":"it-IT","@id":"https:\/\/staging.agritechcenter.it\/#\/schema\/logo\/image\/","url":"https:\/\/staging.agritechcenter.it\/wp-content\/uploads\/2023\/11\/logoAgritech.png","contentUrl":"https:\/\/staging.agritechcenter.it\/wp-content\/uploads\/2023\/11\/logoAgritech.png","width":600,"height":406,"caption":"Agritech Center"},"image":{"@id":"https:\/\/staging.agritechcenter.it\/#\/schema\/logo\/image\/"}}]}},"jetpack_sharing_enabled":true,"_links":{"self":[{"href":"https:\/\/staging.agritechcenter.it\/it\/wp-json\/wp\/v2\/pages\/3253","targetHints":{"allow":["GET"]}}],"collection":[{"href":"https:\/\/staging.agritechcenter.it\/it\/wp-json\/wp\/v2\/pages"}],"about":[{"href":"https:\/\/staging.agritechcenter.it\/it\/wp-json\/wp\/v2\/types\/page"}],"author":[{"embeddable":true,"href":"https:\/\/staging.agritechcenter.it\/it\/wp-json\/wp\/v2\/users\/2"}],"replies":[{"embeddable":true,"href":"https:\/\/staging.agritechcenter.it\/it\/wp-json\/wp\/v2\/comments?post=3253"}],"version-history":[{"count":3,"href":"https:\/\/staging.agritechcenter.it\/it\/wp-json\/wp\/v2\/pages\/3253\/revisions"}],"predecessor-version":[{"id":3256,"href":"https:\/\/staging.agritechcenter.it\/it\/wp-json\/wp\/v2\/pages\/3253\/revisions\/3256"}],"wp:attachment":[{"href":"https:\/\/staging.agritechcenter.it\/it\/wp-json\/wp\/v2\/media?parent=3253"}],"curies":[{"name":"wp","href":"https:\/\/api.w.org\/{rel}","templated":true}]}}