{"id":2635,"date":"2023-11-20T08:54:51","date_gmt":"2023-11-20T07:54:51","guid":{"rendered":"https:\/\/staging.agritechcenter.it\/academy\/"},"modified":"2023-11-28T14:42:55","modified_gmt":"2023-11-28T13:42:55","slug":"academy","status":"publish","type":"page","link":"https:\/\/staging.agritechcenter.it\/it\/academy\/","title":{"rendered":"Academy"},"content":{"rendered":"\n<p>Una delle linee d&#8217;azione sar\u00e0 focalizzata sullo sviluppo del capitale umano attraverso la formazione di professionisti e manager nel settore agricolo. Ci\u00f2 comporter\u00e0 l&#8217;istituzione di un\u2019\u201c<em><strong>Agritech Academy<\/strong><\/em>\u201d per studenti con una laurea triennale o magistrale in scienze agrarie e\/o zootecniche, economia e\/o management e materie correlate. Si ritiene che l&#8217;<em><strong>Agritech Academy<\/strong><\/em> sia uno dei principali risultati impattanti del <strong><em>programma di ricerca Agritech<\/em><\/strong>. <\/p>\n\n<p>La scuola offrir\u00e0 programmi intensivi su una variet\u00e0 di argomenti di interesse professionale e aiuter\u00e0 a guidare la prossima generazione di consulenti e manager agricoli guidati dalla tecnologia e dall&#8217;innovazione. I corsi verranno sviluppati in collaborazione con aziende e altre istituzioni non accademiche, considerando anche la partecipazione di docenti non accademici, secondo il modello dell\u2019Accademia. I corsi dureranno sei mesi e seguiranno le principali aree di interesse di Agritech, l&#8217;economia circolare, la digitalizzazione, le tecnologie per l&#8217;agricoltura sostenibile, la resilienza ai cambiamenti climatici, nuovi modelli di business integrati per le aree rurali, allevamento sostenibile e tracciabilit\u00e0. corsi includeranno la formazione su competenze trasversali per creare esperti di trasferimento tecnologico e facilitare l&#8217;adozione dell&#8217;innovazione nelle aziende agricole.<\/p>\n\n<p><strong><em>Agritech Academy<\/em><\/strong> intende formare professionisti altamente qualificati per l&#8217;attuazione del potenziale rivoluzionario connesso alla trasformazione tecnologica e digitale del settore primario agricolo, con un focus sulla sostenibilit\u00e0 ambientale, offrendo competenze tecniche, manageriali e di consulenza alle aziende. Per ulteriori dettagli, si prega di visitare il sito web:<\/p>\n\n<div class=\"wp-block-buttons is-layout-flex wp-block-buttons-is-layout-flex\">\n<div class=\"wp-block-button has-custom-width wp-block-button__width-50 is-style-fill\"><a class=\"wp-block-button__link has-background wp-element-button\" href=\"https:\/\/www.agritechacademy.unina.it\" style=\"border-radius:0px;background-color:#3fa8f4\" target=\"_blank\" rel=\"noreferrer noopener\">Vai al sito Agritech Academy<\/a><\/div>\n<\/div>\n","protected":false},"excerpt":{"rendered":"<p>Una delle linee d&#8217;azione sar\u00e0 focalizzata sullo sviluppo del capitale umano attraverso la formazione di professionisti e manager nel settore agricolo. Ci\u00f2 comporter\u00e0 l&#8217;istituzione di un\u2019\u201cAgritech Academy\u201d per studenti con una laurea triennale o magistrale in scienze agrarie e\/o zootecniche, economia e\/o management e materie correlate. Si ritiene che l&#8217;Agritech Academy sia uno dei principali &#8230; <a title=\"Academy\" class=\"read-more\" href=\"https:\/\/staging.agritechcenter.it\/it\/academy\/\" aria-label=\"Per saperne di pi\u00f9 su Academy\">Leggi tutto<\/a><\/p>\n","protected":false},"author":4,"featured_media":0,"parent":0,"menu_order":0,"comment_status":"closed","ping_status":"closed","template":"","meta":{"_acf_changed":false,"footnotes":""},"class_list":["post-2635","page","type-page","status-publish"],"acf":[],"yoast_head":"<!-- This site is optimized with the Yoast SEO plugin v22.4 - https:\/\/yoast.com\/wordpress\/plugins\/seo\/ -->\n<title>Academy - Agritech Center<\/title>\n<meta name=\"robots\" content=\"noindex, follow, max-snippet:-1, max-image-preview:large, max-video-preview:-1\" \/>\n<meta property=\"og:locale\" content=\"it_IT\" \/>\n<meta property=\"og:type\" content=\"article\" \/>\n<meta property=\"og:title\" content=\"Academy - Agritech Center\" \/>\n<meta property=\"og:description\" content=\"Una delle linee d&#8217;azione sar\u00e0 focalizzata sullo sviluppo del capitale umano attraverso la formazione di professionisti e manager nel settore agricolo. Ci\u00f2 comporter\u00e0 l&#8217;istituzione di un\u2019\u201cAgritech Academy\u201d per studenti con una laurea triennale o magistrale in scienze agrarie e\/o zootecniche, economia e\/o management e materie correlate. Si ritiene che l&#8217;Agritech Academy sia uno dei principali ... Leggi tutto\" \/>\n<meta property=\"og:url\" content=\"https:\/\/staging.agritechcenter.it\/it\/academy\/\" \/>\n<meta property=\"og:site_name\" content=\"Agritech Center\" \/>\n<meta property=\"article:modified_time\" content=\"2023-11-28T13:42:55+00:00\" \/>\n<meta name=\"twitter:card\" content=\"summary_large_image\" \/>\n<meta name=\"twitter:label1\" content=\"Tempo di lettura stimato\" \/>\n\t<meta name=\"twitter:data1\" content=\"1 minuto\" \/>\n<script type=\"application\/ld+json\" class=\"yoast-schema-graph\">{\"@context\":\"https:\/\/schema.org\",\"@graph\":[{\"@type\":\"WebPage\",\"@id\":\"https:\/\/staging.agritechcenter.it\/it\/academy\/\",\"url\":\"https:\/\/staging.agritechcenter.it\/it\/academy\/\",\"name\":\"Academy - Agritech Center\",\"isPartOf\":{\"@id\":\"https:\/\/staging.agritechcenter.it\/#website\"},\"datePublished\":\"2023-11-20T07:54:51+00:00\",\"dateModified\":\"2023-11-28T13:42:55+00:00\",\"breadcrumb\":{\"@id\":\"https:\/\/staging.agritechcenter.it\/it\/academy\/#breadcrumb\"},\"inLanguage\":\"it-IT\",\"potentialAction\":[{\"@type\":\"ReadAction\",\"target\":[\"https:\/\/staging.agritechcenter.it\/it\/academy\/\"]}]},{\"@type\":\"BreadcrumbList\",\"@id\":\"https:\/\/staging.agritechcenter.it\/it\/academy\/#breadcrumb\",\"itemListElement\":[{\"@type\":\"ListItem\",\"position\":1,\"name\":\"Home\",\"item\":\"https:\/\/staging.agritechcenter.it\/it\/\"},{\"@type\":\"ListItem\",\"position\":2,\"name\":\"Academy\"}]},{\"@type\":\"WebSite\",\"@id\":\"https:\/\/staging.agritechcenter.it\/#website\",\"url\":\"https:\/\/staging.agritechcenter.it\/\",\"name\":\"Agritech Center\",\"description\":\"\",\"publisher\":{\"@id\":\"https:\/\/staging.agritechcenter.it\/#organization\"},\"potentialAction\":[{\"@type\":\"SearchAction\",\"target\":{\"@type\":\"EntryPoint\",\"urlTemplate\":\"https:\/\/staging.agritechcenter.it\/?s={search_term_string}\"},\"query-input\":\"required name=search_term_string\"}],\"inLanguage\":\"it-IT\"},{\"@type\":\"Organization\",\"@id\":\"https:\/\/staging.agritechcenter.it\/#organization\",\"name\":\"Agritech Center\",\"url\":\"https:\/\/staging.agritechcenter.it\/\",\"logo\":{\"@type\":\"ImageObject\",\"inLanguage\":\"it-IT\",\"@id\":\"https:\/\/staging.agritechcenter.it\/#\/schema\/logo\/image\/\",\"url\":\"https:\/\/staging.agritechcenter.it\/wp-content\/uploads\/2023\/11\/logoAgritech.png\",\"contentUrl\":\"https:\/\/staging.agritechcenter.it\/wp-content\/uploads\/2023\/11\/logoAgritech.png\",\"width\":600,\"height\":406,\"caption\":\"Agritech Center\"},\"image\":{\"@id\":\"https:\/\/staging.agritechcenter.it\/#\/schema\/logo\/image\/\"}}]}<\/script>\n<!-- \/ Yoast SEO plugin. -->","yoast_head_json":{"title":"Academy - Agritech Center","robots":{"index":"noindex","follow":"follow","max-snippet":"max-snippet:-1","max-image-preview":"max-image-preview:large","max-video-preview":"max-video-preview:-1"},"og_locale":"it_IT","og_type":"article","og_title":"Academy - Agritech Center","og_description":"Una delle linee d&#8217;azione sar\u00e0 focalizzata sullo sviluppo del capitale umano attraverso la formazione di professionisti e manager nel settore agricolo. Ci\u00f2 comporter\u00e0 l&#8217;istituzione di un\u2019\u201cAgritech Academy\u201d per studenti con una laurea triennale o magistrale in scienze agrarie e\/o zootecniche, economia e\/o management e materie correlate. Si ritiene che l&#8217;Agritech Academy sia uno dei principali ... Leggi tutto","og_url":"https:\/\/staging.agritechcenter.it\/it\/academy\/","og_site_name":"Agritech Center","article_modified_time":"2023-11-28T13:42:55+00:00","twitter_card":"summary_large_image","twitter_misc":{"Tempo di lettura stimato":"1 minuto"},"schema":{"@context":"https:\/\/schema.org","@graph":[{"@type":"WebPage","@id":"https:\/\/staging.agritechcenter.it\/it\/academy\/","url":"https:\/\/staging.agritechcenter.it\/it\/academy\/","name":"Academy - Agritech Center","isPartOf":{"@id":"https:\/\/staging.agritechcenter.it\/#website"},"datePublished":"2023-11-20T07:54:51+00:00","dateModified":"2023-11-28T13:42:55+00:00","breadcrumb":{"@id":"https:\/\/staging.agritechcenter.it\/it\/academy\/#breadcrumb"},"inLanguage":"it-IT","potentialAction":[{"@type":"ReadAction","target":["https:\/\/staging.agritechcenter.it\/it\/academy\/"]}]},{"@type":"BreadcrumbList","@id":"https:\/\/staging.agritechcenter.it\/it\/academy\/#breadcrumb","itemListElement":[{"@type":"ListItem","position":1,"name":"Home","item":"https:\/\/staging.agritechcenter.it\/it\/"},{"@type":"ListItem","position":2,"name":"Academy"}]},{"@type":"WebSite","@id":"https:\/\/staging.agritechcenter.it\/#website","url":"https:\/\/staging.agritechcenter.it\/","name":"Agritech Center","description":"","publisher":{"@id":"https:\/\/staging.agritechcenter.it\/#organization"},"potentialAction":[{"@type":"SearchAction","target":{"@type":"EntryPoint","urlTemplate":"https:\/\/staging.agritechcenter.it\/?s={search_term_string}"},"query-input":"required name=search_term_string"}],"inLanguage":"it-IT"},{"@type":"Organization","@id":"https:\/\/staging.agritechcenter.it\/#organization","name":"Agritech Center","url":"https:\/\/staging.agritechcenter.it\/","logo":{"@type":"ImageObject","inLanguage":"it-IT","@id":"https:\/\/staging.agritechcenter.it\/#\/schema\/logo\/image\/","url":"https:\/\/staging.agritechcenter.it\/wp-content\/uploads\/2023\/11\/logoAgritech.png","contentUrl":"https:\/\/staging.agritechcenter.it\/wp-content\/uploads\/2023\/11\/logoAgritech.png","width":600,"height":406,"caption":"Agritech Center"},"image":{"@id":"https:\/\/staging.agritechcenter.it\/#\/schema\/logo\/image\/"}}]}},"jetpack_sharing_enabled":true,"_links":{"self":[{"href":"https:\/\/staging.agritechcenter.it\/it\/wp-json\/wp\/v2\/pages\/2635","targetHints":{"allow":["GET"]}}],"collection":[{"href":"https:\/\/staging.agritechcenter.it\/it\/wp-json\/wp\/v2\/pages"}],"about":[{"href":"https:\/\/staging.agritechcenter.it\/it\/wp-json\/wp\/v2\/types\/page"}],"author":[{"embeddable":true,"href":"https:\/\/staging.agritechcenter.it\/it\/wp-json\/wp\/v2\/users\/4"}],"replies":[{"embeddable":true,"href":"https:\/\/staging.agritechcenter.it\/it\/wp-json\/wp\/v2\/comments?post=2635"}],"version-history":[{"count":1,"href":"https:\/\/staging.agritechcenter.it\/it\/wp-json\/wp\/v2\/pages\/2635\/revisions"}],"predecessor-version":[{"id":2636,"href":"https:\/\/staging.agritechcenter.it\/it\/wp-json\/wp\/v2\/pages\/2635\/revisions\/2636"}],"wp:attachment":[{"href":"https:\/\/staging.agritechcenter.it\/it\/wp-json\/wp\/v2\/media?parent=2635"}],"curies":[{"name":"wp","href":"https:\/\/api.w.org\/{rel}","templated":true}]}}