{"id":2581,"date":"2023-11-20T08:55:08","date_gmt":"2023-11-20T07:55:08","guid":{"rendered":"https:\/\/staging.agritechcenter.it\/i-progetti\/"},"modified":"2023-11-28T10:58:47","modified_gmt":"2023-11-28T09:58:47","slug":"i-progetti","status":"publish","type":"page","link":"https:\/\/staging.agritechcenter.it\/it\/i-progetti\/","title":{"rendered":"I progetti"},"content":{"rendered":"\t\t<div data-elementor-type=\"wp-page\" data-elementor-id=\"2581\" class=\"elementor elementor-2581 elementor-1881\" data-elementor-post-type=\"page\">\n\t\t\t\t<div class=\"elementor-element elementor-element-876fd5e e-flex e-con-boxed e-con e-parent\" data-id=\"876fd5e\" data-element_type=\"container\">\n\t\t\t\t\t<div class=\"e-con-inner\">\n\t\t\t\t<div class=\"elementor-element elementor-element-9557e5d elementor-widget elementor-widget-heading\" data-id=\"9557e5d\" data-element_type=\"widget\" data-widget_type=\"heading.default\">\n\t\t\t\t<div class=\"elementor-widget-container\">\n\t\t\t<style>\/*! elementor - v3.21.0 - 15-04-2024 *\/\n.elementor-heading-title{padding:0;margin:0;line-height:1}.elementor-widget-heading .elementor-heading-title[class*=elementor-size-]>a{color:inherit;font-size:inherit;line-height:inherit}.elementor-widget-heading .elementor-heading-title.elementor-size-small{font-size:15px}.elementor-widget-heading .elementor-heading-title.elementor-size-medium{font-size:19px}.elementor-widget-heading .elementor-heading-title.elementor-size-large{font-size:29px}.elementor-widget-heading .elementor-heading-title.elementor-size-xl{font-size:39px}.elementor-widget-heading .elementor-heading-title.elementor-size-xxl{font-size:59px}<\/style><h2 class=\"elementor-heading-title elementor-size-default\">Metodologia di selezione<\/h2>\t\t<\/div>\n\t\t\t\t<\/div>\n\t\t\t\t<div class=\"elementor-element elementor-element-77bac2c elementor-widget elementor-widget-text-editor\" data-id=\"77bac2c\" data-element_type=\"widget\" data-widget_type=\"text-editor.default\">\n\t\t\t\t<div class=\"elementor-widget-container\">\n\t\t\t<style>\/*! elementor - v3.21.0 - 15-04-2024 *\/\n.elementor-widget-text-editor.elementor-drop-cap-view-stacked .elementor-drop-cap{background-color:#69727d;color:#fff}.elementor-widget-text-editor.elementor-drop-cap-view-framed .elementor-drop-cap{color:#69727d;border:3px solid;background-color:transparent}.elementor-widget-text-editor:not(.elementor-drop-cap-view-default) .elementor-drop-cap{margin-top:8px}.elementor-widget-text-editor:not(.elementor-drop-cap-view-default) .elementor-drop-cap-letter{width:1em;height:1em}.elementor-widget-text-editor .elementor-drop-cap{float:left;text-align:center;line-height:1;font-size:50px}.elementor-widget-text-editor .elementor-drop-cap-letter{display:inline-block}<\/style>\t\t\t\t<p style=\"color: #333333; font-family: 'Source Sans 3', sans-serif;\">La scelta degli Enti di Ricerca da coinvolgere nel Centro Ricerche Agritech, e la scelta degli Spoke e degli affiliati, \u00e8 stata effettuata considerando molteplici aspetti e criteri, tra cui:<br \/>1. Produttivit\u00e0 scientifica;<br \/>2. Capacit\u00e0 di raccolta e gestione dei fondi;<br \/>3. Esperienza in reti e partenariati nazionali e internazionali;<br \/>4. Coerenza del programma di ricerca Agritech con i piani di ricerca strategici autodichiarati delle specifiche istituzioni; inoltre, considerando il numero dei partner e i vincoli di budget stabiliti dal bando.<br \/>5. Ubicazione dell&#8217;istituzione e delle infrastrutture di ricerca associate.<\/p>\n<p style=\"color: #333333; font-family: 'Source Sans 3', sans-serif;\">In ogni Spoke e Spoke affiliate \u00e8 stata effettuata un&#8217;ulteriore selezione dei principali ricercatori da coinvolgere nell&#8217;iniziativa Agritech. Ad ogni partner \u00e8 stato chiesto di compilare una scheda dettagliata con tutti i dettagli sulla capacit\u00e0 di ricerca e sull&#8217;eccellenza scientifica dell&#8217;Istituzione, fornendo dettagli per ogni potenziale affiliazione ad un determinato Spoke, sui Dipartimenti e laboratori\/istituti da coinvolgere, numero di ricercatori potenzialmente associati a l&#8217;unit\u00e0 di ricerca, descrizione del potenziale contributo allo Spoke ed evidenza delle migliori 20 pubblicazioni e dei progetti e brevetti pi\u00f9 rilevanti e di impatto legati agli scopi dello Spoke. Ciascuna istituzione ha inoltre fornito un elenco delle infrastrutture disponibili da dedicare alle attivit\u00e0 Agritech, un elenco delle aziende potenzialmente coinvolte nelle specifiche attivit\u00e0 di Spoke e le collaborazioni in corso e future con istituzioni nazionali e internazionali. Oltre alle informazioni di cui sopra, ciascuna istituzione ha fornito un elenco dei migliori ricercatori da coinvolgere nelle attivit\u00e0 di ricerca per ciascuna affiliazione, comprese informazioni rilevanti sull&#8217;eccellenza degli scienziati coinvolti valutata secondo standard riconosciuti a livello internazionale come il numero di pubblicazioni rilevanti per dell&#8217;iniziativa Agritech, numero di citazioni, h-index e numero di progetti di ricerca e brevetti nonch\u00e9 il ruolo svolto nello sviluppo dei progetti stessi.<\/p>\n\t\t\t\t\t\t<\/div>\n\t\t\t\t<\/div>\n\t\t\t\t\t<\/div>\n\t\t\t\t<\/div>\n\t\t\t\t<\/div>\n\t\t","protected":false},"excerpt":{"rendered":"<p>Metodologia di selezione La scelta degli Enti di Ricerca da coinvolgere nel Centro Ricerche Agritech, e la scelta degli Spoke e degli affiliati, \u00e8 stata effettuata considerando molteplici aspetti e criteri, tra cui:1. Produttivit\u00e0 scientifica;2. Capacit\u00e0 di raccolta e gestione dei fondi;3. Esperienza in reti e partenariati nazionali e internazionali;4. Coerenza del programma di ricerca &#8230; <a title=\"I progetti\" class=\"read-more\" href=\"https:\/\/staging.agritechcenter.it\/it\/i-progetti\/\" aria-label=\"Per saperne di pi\u00f9 su I progetti\">Leggi tutto<\/a><\/p>\n","protected":false},"author":4,"featured_media":0,"parent":0,"menu_order":0,"comment_status":"closed","ping_status":"closed","template":"","meta":{"_acf_changed":false,"footnotes":""},"class_list":["post-2581","page","type-page","status-publish"],"acf":[],"yoast_head":"<!-- This site is optimized with the Yoast SEO plugin v22.4 - https:\/\/yoast.com\/wordpress\/plugins\/seo\/ -->\n<title>I progetti - Agritech Center<\/title>\n<meta name=\"robots\" content=\"noindex, follow, max-snippet:-1, max-image-preview:large, max-video-preview:-1\" \/>\n<meta property=\"og:locale\" content=\"it_IT\" \/>\n<meta property=\"og:type\" content=\"article\" \/>\n<meta property=\"og:title\" content=\"I progetti - Agritech Center\" \/>\n<meta property=\"og:description\" content=\"Metodologia di selezione La scelta degli Enti di Ricerca da coinvolgere nel Centro Ricerche Agritech, e la scelta degli Spoke e degli affiliati, \u00e8 stata effettuata considerando molteplici aspetti e criteri, tra cui:1. Produttivit\u00e0 scientifica;2. Capacit\u00e0 di raccolta e gestione dei fondi;3. Esperienza in reti e partenariati nazionali e internazionali;4. Coerenza del programma di ricerca ... Leggi tutto\" \/>\n<meta property=\"og:url\" content=\"https:\/\/staging.agritechcenter.it\/it\/i-progetti\/\" \/>\n<meta property=\"og:site_name\" content=\"Agritech Center\" \/>\n<meta property=\"article:modified_time\" content=\"2023-11-28T09:58:47+00:00\" \/>\n<meta name=\"twitter:card\" content=\"summary_large_image\" \/>\n<meta name=\"twitter:label1\" content=\"Tempo di lettura stimato\" \/>\n\t<meta name=\"twitter:data1\" content=\"1 minuto\" \/>\n<script type=\"application\/ld+json\" class=\"yoast-schema-graph\">{\"@context\":\"https:\/\/schema.org\",\"@graph\":[{\"@type\":\"WebPage\",\"@id\":\"https:\/\/staging.agritechcenter.it\/it\/i-progetti\/\",\"url\":\"https:\/\/staging.agritechcenter.it\/it\/i-progetti\/\",\"name\":\"I progetti - Agritech Center\",\"isPartOf\":{\"@id\":\"https:\/\/staging.agritechcenter.it\/#website\"},\"datePublished\":\"2023-11-20T07:55:08+00:00\",\"dateModified\":\"2023-11-28T09:58:47+00:00\",\"breadcrumb\":{\"@id\":\"https:\/\/staging.agritechcenter.it\/it\/i-progetti\/#breadcrumb\"},\"inLanguage\":\"it-IT\",\"potentialAction\":[{\"@type\":\"ReadAction\",\"target\":[\"https:\/\/staging.agritechcenter.it\/it\/i-progetti\/\"]}]},{\"@type\":\"BreadcrumbList\",\"@id\":\"https:\/\/staging.agritechcenter.it\/it\/i-progetti\/#breadcrumb\",\"itemListElement\":[{\"@type\":\"ListItem\",\"position\":1,\"name\":\"Home\",\"item\":\"https:\/\/staging.agritechcenter.it\/it\/\"},{\"@type\":\"ListItem\",\"position\":2,\"name\":\"I progetti\"}]},{\"@type\":\"WebSite\",\"@id\":\"https:\/\/staging.agritechcenter.it\/#website\",\"url\":\"https:\/\/staging.agritechcenter.it\/\",\"name\":\"Agritech Center\",\"description\":\"\",\"publisher\":{\"@id\":\"https:\/\/staging.agritechcenter.it\/#organization\"},\"potentialAction\":[{\"@type\":\"SearchAction\",\"target\":{\"@type\":\"EntryPoint\",\"urlTemplate\":\"https:\/\/staging.agritechcenter.it\/?s={search_term_string}\"},\"query-input\":\"required name=search_term_string\"}],\"inLanguage\":\"it-IT\"},{\"@type\":\"Organization\",\"@id\":\"https:\/\/staging.agritechcenter.it\/#organization\",\"name\":\"Agritech Center\",\"url\":\"https:\/\/staging.agritechcenter.it\/\",\"logo\":{\"@type\":\"ImageObject\",\"inLanguage\":\"it-IT\",\"@id\":\"https:\/\/staging.agritechcenter.it\/#\/schema\/logo\/image\/\",\"url\":\"https:\/\/staging.agritechcenter.it\/wp-content\/uploads\/2023\/11\/logoAgritech.png\",\"contentUrl\":\"https:\/\/staging.agritechcenter.it\/wp-content\/uploads\/2023\/11\/logoAgritech.png\",\"width\":600,\"height\":406,\"caption\":\"Agritech Center\"},\"image\":{\"@id\":\"https:\/\/staging.agritechcenter.it\/#\/schema\/logo\/image\/\"}}]}<\/script>\n<!-- \/ Yoast SEO plugin. -->","yoast_head_json":{"title":"I progetti - Agritech Center","robots":{"index":"noindex","follow":"follow","max-snippet":"max-snippet:-1","max-image-preview":"max-image-preview:large","max-video-preview":"max-video-preview:-1"},"og_locale":"it_IT","og_type":"article","og_title":"I progetti - Agritech Center","og_description":"Metodologia di selezione La scelta degli Enti di Ricerca da coinvolgere nel Centro Ricerche Agritech, e la scelta degli Spoke e degli affiliati, \u00e8 stata effettuata considerando molteplici aspetti e criteri, tra cui:1. Produttivit\u00e0 scientifica;2. Capacit\u00e0 di raccolta e gestione dei fondi;3. Esperienza in reti e partenariati nazionali e internazionali;4. Coerenza del programma di ricerca ... Leggi tutto","og_url":"https:\/\/staging.agritechcenter.it\/it\/i-progetti\/","og_site_name":"Agritech Center","article_modified_time":"2023-11-28T09:58:47+00:00","twitter_card":"summary_large_image","twitter_misc":{"Tempo di lettura stimato":"1 minuto"},"schema":{"@context":"https:\/\/schema.org","@graph":[{"@type":"WebPage","@id":"https:\/\/staging.agritechcenter.it\/it\/i-progetti\/","url":"https:\/\/staging.agritechcenter.it\/it\/i-progetti\/","name":"I progetti - Agritech Center","isPartOf":{"@id":"https:\/\/staging.agritechcenter.it\/#website"},"datePublished":"2023-11-20T07:55:08+00:00","dateModified":"2023-11-28T09:58:47+00:00","breadcrumb":{"@id":"https:\/\/staging.agritechcenter.it\/it\/i-progetti\/#breadcrumb"},"inLanguage":"it-IT","potentialAction":[{"@type":"ReadAction","target":["https:\/\/staging.agritechcenter.it\/it\/i-progetti\/"]}]},{"@type":"BreadcrumbList","@id":"https:\/\/staging.agritechcenter.it\/it\/i-progetti\/#breadcrumb","itemListElement":[{"@type":"ListItem","position":1,"name":"Home","item":"https:\/\/staging.agritechcenter.it\/it\/"},{"@type":"ListItem","position":2,"name":"I progetti"}]},{"@type":"WebSite","@id":"https:\/\/staging.agritechcenter.it\/#website","url":"https:\/\/staging.agritechcenter.it\/","name":"Agritech Center","description":"","publisher":{"@id":"https:\/\/staging.agritechcenter.it\/#organization"},"potentialAction":[{"@type":"SearchAction","target":{"@type":"EntryPoint","urlTemplate":"https:\/\/staging.agritechcenter.it\/?s={search_term_string}"},"query-input":"required name=search_term_string"}],"inLanguage":"it-IT"},{"@type":"Organization","@id":"https:\/\/staging.agritechcenter.it\/#organization","name":"Agritech Center","url":"https:\/\/staging.agritechcenter.it\/","logo":{"@type":"ImageObject","inLanguage":"it-IT","@id":"https:\/\/staging.agritechcenter.it\/#\/schema\/logo\/image\/","url":"https:\/\/staging.agritechcenter.it\/wp-content\/uploads\/2023\/11\/logoAgritech.png","contentUrl":"https:\/\/staging.agritechcenter.it\/wp-content\/uploads\/2023\/11\/logoAgritech.png","width":600,"height":406,"caption":"Agritech Center"},"image":{"@id":"https:\/\/staging.agritechcenter.it\/#\/schema\/logo\/image\/"}}]}},"jetpack_sharing_enabled":true,"_links":{"self":[{"href":"https:\/\/staging.agritechcenter.it\/it\/wp-json\/wp\/v2\/pages\/2581","targetHints":{"allow":["GET"]}}],"collection":[{"href":"https:\/\/staging.agritechcenter.it\/it\/wp-json\/wp\/v2\/pages"}],"about":[{"href":"https:\/\/staging.agritechcenter.it\/it\/wp-json\/wp\/v2\/types\/page"}],"author":[{"embeddable":true,"href":"https:\/\/staging.agritechcenter.it\/it\/wp-json\/wp\/v2\/users\/4"}],"replies":[{"embeddable":true,"href":"https:\/\/staging.agritechcenter.it\/it\/wp-json\/wp\/v2\/comments?post=2581"}],"version-history":[{"count":1,"href":"https:\/\/staging.agritechcenter.it\/it\/wp-json\/wp\/v2\/pages\/2581\/revisions"}],"predecessor-version":[{"id":2582,"href":"https:\/\/staging.agritechcenter.it\/it\/wp-json\/wp\/v2\/pages\/2581\/revisions\/2582"}],"wp:attachment":[{"href":"https:\/\/staging.agritechcenter.it\/it\/wp-json\/wp\/v2\/media?parent=2581"}],"curies":[{"name":"wp","href":"https:\/\/api.w.org\/{rel}","templated":true}]}}