{"id":2558,"date":"2023-11-20T08:54:18","date_gmt":"2023-11-20T07:54:18","guid":{"rendered":"https:\/\/staging.agritechcenter.it\/programma\/"},"modified":"2023-11-27T13:25:36","modified_gmt":"2023-11-27T12:25:36","slug":"programma","status":"publish","type":"page","link":"https:\/\/staging.agritechcenter.it\/it\/programma\/","title":{"rendered":"Programma"},"content":{"rendered":"\n<p>Produrre cibo sufficiente e sicuro per una popolazione in crescita senza sfruttare eccessivamente le risorse naturali \u00e8 uno dei maggiori problemi che la nostra societ\u00e0 deve affrontare, trovando soluzioni sostenibili nel lungo termine. Si tratta di una sfida globale, collocata in un contesto difficile di clima instabile, crescente competizione per terra, acqua ed energia, in un mondo sempre pi\u00f9 urbanizzato e globalizzato. L\u2019importanza e la portata di questa sfida richiedono uno sforzo di ricerca significativo che va ben oltre la capacit\u00e0 di ogni singola istituzione. Per affrontare adeguatamente questo problema, \u00e8 obbligatorio sviluppare un programma di ricerca integrato, su larga scala e multidisciplinare.<\/p>\n\n<p>Questa \u00e8 l\u2019ambizione dei partner di Agritech, che, facendo leva su ricerche collaborative preesistenti, iniziative di alta formazione, messa in rete di infrastrutture e condivisione di grandi attrezzature, hanno definito un programma motivato dalla necessit\u00e0 di:<\/p>\n\n<ol class=\"wp-block-list\">\n<li>Combinare le migliori competenze di ricerca necessarie per affrontare adeguatamente, in un contesto realmente multidisciplinare, i molteplici problemi associati all\u2019agricoltura sostenibile.<\/li>\n\n\n\n<li>Integrare le infrastrutture e le attrezzature di ricerca disponibili in ciascun sito.<\/li>\n\n\n\n<li>Sfruttare e applicare le tecnologie abilitanti chiave (KET) pi\u00f9 adatte che possono consentire un proficuo progresso in termini di produttivit\u00e0, sostenibilit\u00e0, transizione ecologica e digitale nel settore agricolo.<\/li>\n\n\n\n<li>Collaborare con aziende e agricoltori per co-progettare gli sforzi di ricerca e sfruttare al meglio i risultati per aumentare la resilienza e la competitivit\u00e0 economica delle filiere agroalimentari.<\/li>\n\n\n\n<li>Sviluppare e diffondere nuovi modelli e capacit\u00e0 organizzative per creare e implementare programmi di ricerca strategici su larga scala che attraversano i confini disciplinari e i settori industriali.<\/li>\n\n\n\n<li>Formare la prossima generazione di scienziati e manager dell\u2019Agritech per creare il capitale umano e le competenze necessarie.<\/li>\n\n\n\n<li>Supportare i policy maker e influenzare l\u2019opinione pubblica per promuovere un contesto sociale favorevole allo sviluppo di filiere agroalimentari stabili ed eque.<\/li>\n<\/ol>\n\n<p>La caratteristica principale del programma di ricerca Agritech \u00e8 la sua organizzazione strutturale, che riflette l&#8217;alto livello di integrazione tra un&#8217;ampia variet\u00e0 di istituti di ricerca e aziende partecipanti. <\/p>\n","protected":false},"excerpt":{"rendered":"<p>Produrre cibo sufficiente e sicuro per una popolazione in crescita senza sfruttare eccessivamente le risorse naturali \u00e8 uno dei maggiori problemi che la nostra societ\u00e0 deve affrontare, trovando soluzioni sostenibili nel lungo termine. Si tratta di una sfida globale, collocata in un contesto difficile di clima instabile, crescente competizione per terra, acqua ed energia, in &#8230; <a title=\"Programma\" class=\"read-more\" href=\"https:\/\/staging.agritechcenter.it\/it\/programma\/\" aria-label=\"Per saperne di pi\u00f9 su Programma\">Leggi tutto<\/a><\/p>\n","protected":false},"author":4,"featured_media":0,"parent":0,"menu_order":0,"comment_status":"closed","ping_status":"closed","template":"","meta":{"_acf_changed":false,"footnotes":""},"class_list":["post-2558","page","type-page","status-publish"],"acf":[],"yoast_head":"<!-- This site is optimized with the Yoast SEO plugin v22.4 - https:\/\/yoast.com\/wordpress\/plugins\/seo\/ -->\n<title>Programma - Agritech Center<\/title>\n<meta name=\"robots\" content=\"noindex, follow, max-snippet:-1, max-image-preview:large, max-video-preview:-1\" \/>\n<meta property=\"og:locale\" content=\"it_IT\" \/>\n<meta property=\"og:type\" content=\"article\" \/>\n<meta property=\"og:title\" content=\"Programma - Agritech Center\" \/>\n<meta property=\"og:description\" content=\"Produrre cibo sufficiente e sicuro per una popolazione in crescita senza sfruttare eccessivamente le risorse naturali \u00e8 uno dei maggiori problemi che la nostra societ\u00e0 deve affrontare, trovando soluzioni sostenibili nel lungo termine. Si tratta di una sfida globale, collocata in un contesto difficile di clima instabile, crescente competizione per terra, acqua ed energia, in ... Leggi tutto\" \/>\n<meta property=\"og:url\" content=\"https:\/\/staging.agritechcenter.it\/it\/programma\/\" \/>\n<meta property=\"og:site_name\" content=\"Agritech Center\" \/>\n<meta property=\"article:modified_time\" content=\"2023-11-27T12:25:36+00:00\" \/>\n<meta name=\"twitter:card\" content=\"summary_large_image\" \/>\n<meta name=\"twitter:label1\" content=\"Tempo di lettura stimato\" \/>\n\t<meta name=\"twitter:data1\" content=\"2 minuti\" \/>\n<script type=\"application\/ld+json\" class=\"yoast-schema-graph\">{\"@context\":\"https:\/\/schema.org\",\"@graph\":[{\"@type\":\"WebPage\",\"@id\":\"https:\/\/staging.agritechcenter.it\/it\/programma\/\",\"url\":\"https:\/\/staging.agritechcenter.it\/it\/programma\/\",\"name\":\"Programma - Agritech Center\",\"isPartOf\":{\"@id\":\"https:\/\/staging.agritechcenter.it\/#website\"},\"datePublished\":\"2023-11-20T07:54:18+00:00\",\"dateModified\":\"2023-11-27T12:25:36+00:00\",\"breadcrumb\":{\"@id\":\"https:\/\/staging.agritechcenter.it\/it\/programma\/#breadcrumb\"},\"inLanguage\":\"it-IT\",\"potentialAction\":[{\"@type\":\"ReadAction\",\"target\":[\"https:\/\/staging.agritechcenter.it\/it\/programma\/\"]}]},{\"@type\":\"BreadcrumbList\",\"@id\":\"https:\/\/staging.agritechcenter.it\/it\/programma\/#breadcrumb\",\"itemListElement\":[{\"@type\":\"ListItem\",\"position\":1,\"name\":\"Home\",\"item\":\"https:\/\/staging.agritechcenter.it\/it\/\"},{\"@type\":\"ListItem\",\"position\":2,\"name\":\"Programma\"}]},{\"@type\":\"WebSite\",\"@id\":\"https:\/\/staging.agritechcenter.it\/#website\",\"url\":\"https:\/\/staging.agritechcenter.it\/\",\"name\":\"Agritech Center\",\"description\":\"\",\"publisher\":{\"@id\":\"https:\/\/staging.agritechcenter.it\/#organization\"},\"potentialAction\":[{\"@type\":\"SearchAction\",\"target\":{\"@type\":\"EntryPoint\",\"urlTemplate\":\"https:\/\/staging.agritechcenter.it\/?s={search_term_string}\"},\"query-input\":\"required name=search_term_string\"}],\"inLanguage\":\"it-IT\"},{\"@type\":\"Organization\",\"@id\":\"https:\/\/staging.agritechcenter.it\/#organization\",\"name\":\"Agritech Center\",\"url\":\"https:\/\/staging.agritechcenter.it\/\",\"logo\":{\"@type\":\"ImageObject\",\"inLanguage\":\"it-IT\",\"@id\":\"https:\/\/staging.agritechcenter.it\/#\/schema\/logo\/image\/\",\"url\":\"https:\/\/staging.agritechcenter.it\/wp-content\/uploads\/2023\/11\/logoAgritech.png\",\"contentUrl\":\"https:\/\/staging.agritechcenter.it\/wp-content\/uploads\/2023\/11\/logoAgritech.png\",\"width\":600,\"height\":406,\"caption\":\"Agritech Center\"},\"image\":{\"@id\":\"https:\/\/staging.agritechcenter.it\/#\/schema\/logo\/image\/\"}}]}<\/script>\n<!-- \/ Yoast SEO plugin. -->","yoast_head_json":{"title":"Programma - Agritech Center","robots":{"index":"noindex","follow":"follow","max-snippet":"max-snippet:-1","max-image-preview":"max-image-preview:large","max-video-preview":"max-video-preview:-1"},"og_locale":"it_IT","og_type":"article","og_title":"Programma - Agritech Center","og_description":"Produrre cibo sufficiente e sicuro per una popolazione in crescita senza sfruttare eccessivamente le risorse naturali \u00e8 uno dei maggiori problemi che la nostra societ\u00e0 deve affrontare, trovando soluzioni sostenibili nel lungo termine. Si tratta di una sfida globale, collocata in un contesto difficile di clima instabile, crescente competizione per terra, acqua ed energia, in ... Leggi tutto","og_url":"https:\/\/staging.agritechcenter.it\/it\/programma\/","og_site_name":"Agritech Center","article_modified_time":"2023-11-27T12:25:36+00:00","twitter_card":"summary_large_image","twitter_misc":{"Tempo di lettura stimato":"2 minuti"},"schema":{"@context":"https:\/\/schema.org","@graph":[{"@type":"WebPage","@id":"https:\/\/staging.agritechcenter.it\/it\/programma\/","url":"https:\/\/staging.agritechcenter.it\/it\/programma\/","name":"Programma - Agritech Center","isPartOf":{"@id":"https:\/\/staging.agritechcenter.it\/#website"},"datePublished":"2023-11-20T07:54:18+00:00","dateModified":"2023-11-27T12:25:36+00:00","breadcrumb":{"@id":"https:\/\/staging.agritechcenter.it\/it\/programma\/#breadcrumb"},"inLanguage":"it-IT","potentialAction":[{"@type":"ReadAction","target":["https:\/\/staging.agritechcenter.it\/it\/programma\/"]}]},{"@type":"BreadcrumbList","@id":"https:\/\/staging.agritechcenter.it\/it\/programma\/#breadcrumb","itemListElement":[{"@type":"ListItem","position":1,"name":"Home","item":"https:\/\/staging.agritechcenter.it\/it\/"},{"@type":"ListItem","position":2,"name":"Programma"}]},{"@type":"WebSite","@id":"https:\/\/staging.agritechcenter.it\/#website","url":"https:\/\/staging.agritechcenter.it\/","name":"Agritech Center","description":"","publisher":{"@id":"https:\/\/staging.agritechcenter.it\/#organization"},"potentialAction":[{"@type":"SearchAction","target":{"@type":"EntryPoint","urlTemplate":"https:\/\/staging.agritechcenter.it\/?s={search_term_string}"},"query-input":"required name=search_term_string"}],"inLanguage":"it-IT"},{"@type":"Organization","@id":"https:\/\/staging.agritechcenter.it\/#organization","name":"Agritech Center","url":"https:\/\/staging.agritechcenter.it\/","logo":{"@type":"ImageObject","inLanguage":"it-IT","@id":"https:\/\/staging.agritechcenter.it\/#\/schema\/logo\/image\/","url":"https:\/\/staging.agritechcenter.it\/wp-content\/uploads\/2023\/11\/logoAgritech.png","contentUrl":"https:\/\/staging.agritechcenter.it\/wp-content\/uploads\/2023\/11\/logoAgritech.png","width":600,"height":406,"caption":"Agritech Center"},"image":{"@id":"https:\/\/staging.agritechcenter.it\/#\/schema\/logo\/image\/"}}]}},"jetpack_sharing_enabled":true,"_links":{"self":[{"href":"https:\/\/staging.agritechcenter.it\/it\/wp-json\/wp\/v2\/pages\/2558","targetHints":{"allow":["GET"]}}],"collection":[{"href":"https:\/\/staging.agritechcenter.it\/it\/wp-json\/wp\/v2\/pages"}],"about":[{"href":"https:\/\/staging.agritechcenter.it\/it\/wp-json\/wp\/v2\/types\/page"}],"author":[{"embeddable":true,"href":"https:\/\/staging.agritechcenter.it\/it\/wp-json\/wp\/v2\/users\/4"}],"replies":[{"embeddable":true,"href":"https:\/\/staging.agritechcenter.it\/it\/wp-json\/wp\/v2\/comments?post=2558"}],"version-history":[{"count":1,"href":"https:\/\/staging.agritechcenter.it\/it\/wp-json\/wp\/v2\/pages\/2558\/revisions"}],"predecessor-version":[{"id":2559,"href":"https:\/\/staging.agritechcenter.it\/it\/wp-json\/wp\/v2\/pages\/2558\/revisions\/2559"}],"wp:attachment":[{"href":"https:\/\/staging.agritechcenter.it\/it\/wp-json\/wp\/v2\/media?parent=2558"}],"curies":[{"name":"wp","href":"https:\/\/api.w.org\/{rel}","templated":true}]}}