{"id":2552,"date":"2023-11-20T08:54:24","date_gmt":"2023-11-20T07:54:24","guid":{"rendered":"https:\/\/staging.agritechcenter.it\/obiettivi\/"},"modified":"2023-11-27T13:17:53","modified_gmt":"2023-11-27T12:17:53","slug":"obiettivi","status":"publish","type":"page","link":"https:\/\/staging.agritechcenter.it\/it\/obiettivi\/","title":{"rendered":"Obiettivi"},"content":{"rendered":"\t\t<div data-elementor-type=\"wp-page\" data-elementor-id=\"2552\" class=\"elementor elementor-2552 elementor-1869\" data-elementor-post-type=\"page\">\n\t\t\t\t<div class=\"elementor-element elementor-element-601d474 e-flex e-con-boxed e-con e-parent\" data-id=\"601d474\" data-element_type=\"container\">\n\t\t\t\t\t<div class=\"e-con-inner\">\n\t\t\t\t<div class=\"elementor-element elementor-element-6993ed1 elementor-widget elementor-widget-heading\" data-id=\"6993ed1\" data-element_type=\"widget\" data-widget_type=\"heading.default\">\n\t\t\t\t<div class=\"elementor-widget-container\">\n\t\t\t<style>\/*! elementor - v3.21.0 - 15-04-2024 *\/\n.elementor-heading-title{padding:0;margin:0;line-height:1}.elementor-widget-heading .elementor-heading-title[class*=elementor-size-]>a{color:inherit;font-size:inherit;line-height:inherit}.elementor-widget-heading .elementor-heading-title.elementor-size-small{font-size:15px}.elementor-widget-heading .elementor-heading-title.elementor-size-medium{font-size:19px}.elementor-widget-heading .elementor-heading-title.elementor-size-large{font-size:29px}.elementor-widget-heading .elementor-heading-title.elementor-size-xl{font-size:39px}.elementor-widget-heading .elementor-heading-title.elementor-size-xxl{font-size:59px}<\/style><h2 class=\"elementor-heading-title elementor-size-default\">La nostra ambizione\n<\/h2>\t\t<\/div>\n\t\t\t\t<\/div>\n\t\t\t\t<div class=\"elementor-element elementor-element-2937d5d elementor-widget elementor-widget-text-editor\" data-id=\"2937d5d\" data-element_type=\"widget\" data-widget_type=\"text-editor.default\">\n\t\t\t\t<div class=\"elementor-widget-container\">\n\t\t\t<style>\/*! elementor - v3.21.0 - 15-04-2024 *\/\n.elementor-widget-text-editor.elementor-drop-cap-view-stacked .elementor-drop-cap{background-color:#69727d;color:#fff}.elementor-widget-text-editor.elementor-drop-cap-view-framed .elementor-drop-cap{color:#69727d;border:3px solid;background-color:transparent}.elementor-widget-text-editor:not(.elementor-drop-cap-view-default) .elementor-drop-cap{margin-top:8px}.elementor-widget-text-editor:not(.elementor-drop-cap-view-default) .elementor-drop-cap-letter{width:1em;height:1em}.elementor-widget-text-editor .elementor-drop-cap{float:left;text-align:center;line-height:1;font-size:50px}.elementor-widget-text-editor .elementor-drop-cap-letter{display:inline-block}<\/style>\t\t\t\t<ul>\n<li>Combinare le migliori competenze di ricerca necessarie per affrontare adeguatamente, in un contesto veramente multidisciplinare, i molteplici problemi associati all\u2019agricoltura sostenibile.<\/li>\n<\/ul>\n<ul>\n<li>Integrare le infrastrutture e le attrezzature di ricerca disponibili in ciascun sito.\n<\/li>\n<li>Sfruttare e applicare le tecnologie abilitanti chiave (KET) pi\u00f9 adatte che possono consentire un proficuo progresso in termini di produttivit\u00e0, sostenibilit\u00e0, transizione ecologica e digitale nel settore agricolo.<\/li>\n<\/ul>\n<ul>\n<li>Collaborare con aziende e agricoltori per co-progettare gli sforzi di ricerca e sfruttare al meglio i risultati per aumentare la resilienza e la competitivit\u00e0 economica delle filiere agroalimentari.<\/li>\n<\/ul>\n<ul>\n<li>Formare la prossima generazione di scienziati e manager dell\u2019Agritech per generare il capitale umano e le competenze necessarie.<\/li>\n<\/ul>\n\t\t\t\t\t\t<\/div>\n\t\t\t\t<\/div>\n\t\t\t\t\t<\/div>\n\t\t\t\t<\/div>\n\t\t<div class=\"elementor-element elementor-element-eb3d897 e-flex e-con-boxed e-con e-parent\" data-id=\"eb3d897\" data-element_type=\"container\" data-settings=\"{&quot;background_background&quot;:&quot;classic&quot;}\">\n\t\t\t\t\t<div class=\"e-con-inner\">\n\t\t\t\t<div class=\"elementor-element elementor-element-7002871 elementor-widget elementor-widget-heading\" data-id=\"7002871\" data-element_type=\"widget\" data-widget_type=\"heading.default\">\n\t\t\t\t<div class=\"elementor-widget-container\">\n\t\t\t<h2 class=\"elementor-heading-title elementor-size-default\">Obbiettivi strategici\n<\/h2>\t\t<\/div>\n\t\t\t\t<\/div>\n\t\t\t\t<div class=\"elementor-element elementor-element-56b56f7 elementor-widget elementor-widget-heading\" data-id=\"56b56f7\" data-element_type=\"widget\" data-widget_type=\"heading.default\">\n\t\t\t\t<div class=\"elementor-widget-container\">\n\t\t\t<h3 class=\"elementor-heading-title elementor-size-default\">Tecnologie per l'agricoltura sostenibile\n<\/h3>\t\t<\/div>\n\t\t\t\t<\/div>\n\t\t\t\t<div class=\"elementor-element elementor-element-216f6f4 elementor-widget elementor-widget-image\" data-id=\"216f6f4\" data-element_type=\"widget\" data-widget_type=\"image.default\">\n\t\t\t\t<div class=\"elementor-widget-container\">\n\t\t\t<style>\/*! elementor - v3.21.0 - 15-04-2024 *\/\n.elementor-widget-image{text-align:center}.elementor-widget-image a{display:inline-block}.elementor-widget-image a img[src$=\".svg\"]{width:48px}.elementor-widget-image img{vertical-align:middle;display:inline-block}<\/style>\t\t\t\t\t\t\t\t\t\t<img fetchpriority=\"high\" decoding=\"async\" width=\"1024\" height=\"528\" src=\"https:\/\/staging.agritechcenter.it\/wp-content\/uploads\/2023\/11\/strategicObjectives.png\" class=\"attachment-large size-large wp-image-2135\" alt=\"\" srcset=\"https:\/\/staging.agritechcenter.it\/wp-content\/uploads\/2023\/11\/strategicObjectives.png 1024w, https:\/\/staging.agritechcenter.it\/wp-content\/uploads\/2023\/11\/strategicObjectives-300x155.png 300w, https:\/\/staging.agritechcenter.it\/wp-content\/uploads\/2023\/11\/strategicObjectives-768x396.png 768w\" sizes=\"(max-width: 1024px) 100vw, 1024px\" \/>\t\t\t\t\t\t\t\t\t\t\t\t\t<\/div>\n\t\t\t\t<\/div>\n\t\t\t\t\t<\/div>\n\t\t\t\t<\/div>\n\t\t<div class=\"elementor-element elementor-element-b27b90d e-flex e-con-boxed e-con e-parent\" data-id=\"b27b90d\" data-element_type=\"container\">\n\t\t\t\t\t<div class=\"e-con-inner\">\n\t\t\t\t\t<\/div>\n\t\t\t\t<\/div>\n\t\t\t\t<\/div>\n\t\t","protected":false},"excerpt":{"rendered":"<p>La nostra ambizione Combinare le migliori competenze di ricerca necessarie per affrontare adeguatamente, in un contesto veramente multidisciplinare, i molteplici problemi associati all\u2019agricoltura sostenibile. Integrare le infrastrutture e le attrezzature di ricerca disponibili in ciascun sito. Sfruttare e applicare le tecnologie abilitanti chiave (KET) pi\u00f9 adatte che possono consentire un proficuo progresso in termini di &#8230; <a title=\"Obiettivi\" class=\"read-more\" href=\"https:\/\/staging.agritechcenter.it\/it\/obiettivi\/\" aria-label=\"Per saperne di pi\u00f9 su Obiettivi\">Leggi tutto<\/a><\/p>\n","protected":false},"author":4,"featured_media":0,"parent":0,"menu_order":0,"comment_status":"closed","ping_status":"closed","template":"","meta":{"_acf_changed":false,"footnotes":""},"class_list":["post-2552","page","type-page","status-publish"],"acf":[],"yoast_head":"<!-- This site is optimized with the Yoast SEO plugin v22.4 - https:\/\/yoast.com\/wordpress\/plugins\/seo\/ -->\n<title>Obiettivi - Agritech Center<\/title>\n<meta name=\"robots\" content=\"noindex, follow, max-snippet:-1, max-image-preview:large, max-video-preview:-1\" \/>\n<meta property=\"og:locale\" content=\"it_IT\" \/>\n<meta property=\"og:type\" content=\"article\" \/>\n<meta property=\"og:title\" content=\"Obiettivi - Agritech Center\" \/>\n<meta property=\"og:description\" content=\"La nostra ambizione Combinare le migliori competenze di ricerca necessarie per affrontare adeguatamente, in un contesto veramente multidisciplinare, i molteplici problemi associati all\u2019agricoltura sostenibile. Integrare le infrastrutture e le attrezzature di ricerca disponibili in ciascun sito. Sfruttare e applicare le tecnologie abilitanti chiave (KET) pi\u00f9 adatte che possono consentire un proficuo progresso in termini di ... Leggi tutto\" \/>\n<meta property=\"og:url\" content=\"https:\/\/staging.agritechcenter.it\/it\/obiettivi\/\" \/>\n<meta property=\"og:site_name\" content=\"Agritech Center\" \/>\n<meta property=\"article:modified_time\" content=\"2023-11-27T12:17:53+00:00\" \/>\n<meta property=\"og:image\" content=\"https:\/\/staging.agritechcenter.it\/wp-content\/uploads\/2023\/11\/strategicObjectives.png\" \/>\n<meta name=\"twitter:card\" content=\"summary_large_image\" \/>\n<meta name=\"twitter:label1\" content=\"Tempo di lettura stimato\" \/>\n\t<meta name=\"twitter:data1\" content=\"1 minuto\" \/>\n<script type=\"application\/ld+json\" class=\"yoast-schema-graph\">{\"@context\":\"https:\/\/schema.org\",\"@graph\":[{\"@type\":\"WebPage\",\"@id\":\"https:\/\/staging.agritechcenter.it\/it\/obiettivi\/\",\"url\":\"https:\/\/staging.agritechcenter.it\/it\/obiettivi\/\",\"name\":\"Obiettivi - Agritech Center\",\"isPartOf\":{\"@id\":\"https:\/\/staging.agritechcenter.it\/#website\"},\"primaryImageOfPage\":{\"@id\":\"https:\/\/staging.agritechcenter.it\/it\/obiettivi\/#primaryimage\"},\"image\":{\"@id\":\"https:\/\/staging.agritechcenter.it\/it\/obiettivi\/#primaryimage\"},\"thumbnailUrl\":\"https:\/\/staging.agritechcenter.it\/wp-content\/uploads\/2023\/11\/strategicObjectives.png\",\"datePublished\":\"2023-11-20T07:54:24+00:00\",\"dateModified\":\"2023-11-27T12:17:53+00:00\",\"breadcrumb\":{\"@id\":\"https:\/\/staging.agritechcenter.it\/it\/obiettivi\/#breadcrumb\"},\"inLanguage\":\"it-IT\",\"potentialAction\":[{\"@type\":\"ReadAction\",\"target\":[\"https:\/\/staging.agritechcenter.it\/it\/obiettivi\/\"]}]},{\"@type\":\"ImageObject\",\"inLanguage\":\"it-IT\",\"@id\":\"https:\/\/staging.agritechcenter.it\/it\/obiettivi\/#primaryimage\",\"url\":\"https:\/\/staging.agritechcenter.it\/wp-content\/uploads\/2023\/11\/strategicObjectives.png\",\"contentUrl\":\"https:\/\/staging.agritechcenter.it\/wp-content\/uploads\/2023\/11\/strategicObjectives.png\"},{\"@type\":\"BreadcrumbList\",\"@id\":\"https:\/\/staging.agritechcenter.it\/it\/obiettivi\/#breadcrumb\",\"itemListElement\":[{\"@type\":\"ListItem\",\"position\":1,\"name\":\"Home\",\"item\":\"https:\/\/staging.agritechcenter.it\/it\/\"},{\"@type\":\"ListItem\",\"position\":2,\"name\":\"Obiettivi\"}]},{\"@type\":\"WebSite\",\"@id\":\"https:\/\/staging.agritechcenter.it\/#website\",\"url\":\"https:\/\/staging.agritechcenter.it\/\",\"name\":\"Agritech Center\",\"description\":\"\",\"publisher\":{\"@id\":\"https:\/\/staging.agritechcenter.it\/#organization\"},\"potentialAction\":[{\"@type\":\"SearchAction\",\"target\":{\"@type\":\"EntryPoint\",\"urlTemplate\":\"https:\/\/staging.agritechcenter.it\/?s={search_term_string}\"},\"query-input\":\"required name=search_term_string\"}],\"inLanguage\":\"it-IT\"},{\"@type\":\"Organization\",\"@id\":\"https:\/\/staging.agritechcenter.it\/#organization\",\"name\":\"Agritech Center\",\"url\":\"https:\/\/staging.agritechcenter.it\/\",\"logo\":{\"@type\":\"ImageObject\",\"inLanguage\":\"it-IT\",\"@id\":\"https:\/\/staging.agritechcenter.it\/#\/schema\/logo\/image\/\",\"url\":\"https:\/\/staging.agritechcenter.it\/wp-content\/uploads\/2023\/11\/logoAgritech.png\",\"contentUrl\":\"https:\/\/staging.agritechcenter.it\/wp-content\/uploads\/2023\/11\/logoAgritech.png\",\"width\":600,\"height\":406,\"caption\":\"Agritech Center\"},\"image\":{\"@id\":\"https:\/\/staging.agritechcenter.it\/#\/schema\/logo\/image\/\"}}]}<\/script>\n<!-- \/ Yoast SEO plugin. -->","yoast_head_json":{"title":"Obiettivi - Agritech Center","robots":{"index":"noindex","follow":"follow","max-snippet":"max-snippet:-1","max-image-preview":"max-image-preview:large","max-video-preview":"max-video-preview:-1"},"og_locale":"it_IT","og_type":"article","og_title":"Obiettivi - Agritech Center","og_description":"La nostra ambizione Combinare le migliori competenze di ricerca necessarie per affrontare adeguatamente, in un contesto veramente multidisciplinare, i molteplici problemi associati all\u2019agricoltura sostenibile. Integrare le infrastrutture e le attrezzature di ricerca disponibili in ciascun sito. Sfruttare e applicare le tecnologie abilitanti chiave (KET) pi\u00f9 adatte che possono consentire un proficuo progresso in termini di ... Leggi tutto","og_url":"https:\/\/staging.agritechcenter.it\/it\/obiettivi\/","og_site_name":"Agritech Center","article_modified_time":"2023-11-27T12:17:53+00:00","og_image":[{"url":"https:\/\/staging.agritechcenter.it\/wp-content\/uploads\/2023\/11\/strategicObjectives.png"}],"twitter_card":"summary_large_image","twitter_misc":{"Tempo di lettura stimato":"1 minuto"},"schema":{"@context":"https:\/\/schema.org","@graph":[{"@type":"WebPage","@id":"https:\/\/staging.agritechcenter.it\/it\/obiettivi\/","url":"https:\/\/staging.agritechcenter.it\/it\/obiettivi\/","name":"Obiettivi - Agritech Center","isPartOf":{"@id":"https:\/\/staging.agritechcenter.it\/#website"},"primaryImageOfPage":{"@id":"https:\/\/staging.agritechcenter.it\/it\/obiettivi\/#primaryimage"},"image":{"@id":"https:\/\/staging.agritechcenter.it\/it\/obiettivi\/#primaryimage"},"thumbnailUrl":"https:\/\/staging.agritechcenter.it\/wp-content\/uploads\/2023\/11\/strategicObjectives.png","datePublished":"2023-11-20T07:54:24+00:00","dateModified":"2023-11-27T12:17:53+00:00","breadcrumb":{"@id":"https:\/\/staging.agritechcenter.it\/it\/obiettivi\/#breadcrumb"},"inLanguage":"it-IT","potentialAction":[{"@type":"ReadAction","target":["https:\/\/staging.agritechcenter.it\/it\/obiettivi\/"]}]},{"@type":"ImageObject","inLanguage":"it-IT","@id":"https:\/\/staging.agritechcenter.it\/it\/obiettivi\/#primaryimage","url":"https:\/\/staging.agritechcenter.it\/wp-content\/uploads\/2023\/11\/strategicObjectives.png","contentUrl":"https:\/\/staging.agritechcenter.it\/wp-content\/uploads\/2023\/11\/strategicObjectives.png"},{"@type":"BreadcrumbList","@id":"https:\/\/staging.agritechcenter.it\/it\/obiettivi\/#breadcrumb","itemListElement":[{"@type":"ListItem","position":1,"name":"Home","item":"https:\/\/staging.agritechcenter.it\/it\/"},{"@type":"ListItem","position":2,"name":"Obiettivi"}]},{"@type":"WebSite","@id":"https:\/\/staging.agritechcenter.it\/#website","url":"https:\/\/staging.agritechcenter.it\/","name":"Agritech Center","description":"","publisher":{"@id":"https:\/\/staging.agritechcenter.it\/#organization"},"potentialAction":[{"@type":"SearchAction","target":{"@type":"EntryPoint","urlTemplate":"https:\/\/staging.agritechcenter.it\/?s={search_term_string}"},"query-input":"required name=search_term_string"}],"inLanguage":"it-IT"},{"@type":"Organization","@id":"https:\/\/staging.agritechcenter.it\/#organization","name":"Agritech Center","url":"https:\/\/staging.agritechcenter.it\/","logo":{"@type":"ImageObject","inLanguage":"it-IT","@id":"https:\/\/staging.agritechcenter.it\/#\/schema\/logo\/image\/","url":"https:\/\/staging.agritechcenter.it\/wp-content\/uploads\/2023\/11\/logoAgritech.png","contentUrl":"https:\/\/staging.agritechcenter.it\/wp-content\/uploads\/2023\/11\/logoAgritech.png","width":600,"height":406,"caption":"Agritech Center"},"image":{"@id":"https:\/\/staging.agritechcenter.it\/#\/schema\/logo\/image\/"}}]}},"jetpack_sharing_enabled":true,"_links":{"self":[{"href":"https:\/\/staging.agritechcenter.it\/it\/wp-json\/wp\/v2\/pages\/2552","targetHints":{"allow":["GET"]}}],"collection":[{"href":"https:\/\/staging.agritechcenter.it\/it\/wp-json\/wp\/v2\/pages"}],"about":[{"href":"https:\/\/staging.agritechcenter.it\/it\/wp-json\/wp\/v2\/types\/page"}],"author":[{"embeddable":true,"href":"https:\/\/staging.agritechcenter.it\/it\/wp-json\/wp\/v2\/users\/4"}],"replies":[{"embeddable":true,"href":"https:\/\/staging.agritechcenter.it\/it\/wp-json\/wp\/v2\/comments?post=2552"}],"version-history":[{"count":1,"href":"https:\/\/staging.agritechcenter.it\/it\/wp-json\/wp\/v2\/pages\/2552\/revisions"}],"predecessor-version":[{"id":2553,"href":"https:\/\/staging.agritechcenter.it\/it\/wp-json\/wp\/v2\/pages\/2552\/revisions\/2553"}],"wp:attachment":[{"href":"https:\/\/staging.agritechcenter.it\/it\/wp-json\/wp\/v2\/media?parent=2552"}],"curies":[{"name":"wp","href":"https:\/\/api.w.org\/{rel}","templated":true}]}}