{"id":2548,"date":"2023-11-20T08:54:38","date_gmt":"2023-11-20T07:54:38","guid":{"rendered":"https:\/\/staging.agritechcenter.it\/hub\/"},"modified":"2023-11-27T13:14:10","modified_gmt":"2023-11-27T12:14:10","slug":"hub","status":"publish","type":"page","link":"https:\/\/staging.agritechcenter.it\/it\/hub\/","title":{"rendered":"Hub"},"content":{"rendered":"\t\t<div data-elementor-type=\"wp-page\" data-elementor-id=\"2548\" class=\"elementor elementor-2548 elementor-1873\" data-elementor-post-type=\"page\">\n\t\t\t\t<div class=\"elementor-element elementor-element-2838a824 e-flex e-con-boxed e-con e-parent\" data-id=\"2838a824\" data-element_type=\"container\">\n\t\t\t\t\t<div class=\"e-con-inner\">\n\t\t\t\t<div class=\"elementor-element elementor-element-3ebfd3e8 elementor-widget elementor-widget-text-editor\" data-id=\"3ebfd3e8\" data-element_type=\"widget\" data-widget_type=\"text-editor.default\">\n\t\t\t\t<div class=\"elementor-widget-container\">\n\t\t\t<style>\/*! elementor - v3.21.0 - 15-04-2024 *\/\n.elementor-widget-text-editor.elementor-drop-cap-view-stacked .elementor-drop-cap{background-color:#69727d;color:#fff}.elementor-widget-text-editor.elementor-drop-cap-view-framed .elementor-drop-cap{color:#69727d;border:3px solid;background-color:transparent}.elementor-widget-text-editor:not(.elementor-drop-cap-view-default) .elementor-drop-cap{margin-top:8px}.elementor-widget-text-editor:not(.elementor-drop-cap-view-default) .elementor-drop-cap-letter{width:1em;height:1em}.elementor-widget-text-editor .elementor-drop-cap{float:left;text-align:center;line-height:1;font-size:50px}.elementor-widget-text-editor .elementor-drop-cap-letter{display:inline-block}<\/style>\t\t\t\t\n<p>L&#8217;Hub sar\u00e0 principalmente l&#8217;ente di gestione dell&#8217;Agritech. Inoltre, l&#8217;Hub \u00e8 pensato anche per organizzare e fornire numerosi servizi e attivit\u00e0 trasversali:<br><strong>Obiettivi delle attivit\u00e0 dell&#8217;Hub<\/strong><\/p>\n\n\n\n<ol>\n<li>Garantire la corretta gestione complessiva del progetto al fine di rafforzare e supportare gli obiettivi, completando le tappe fondamentali in tempo e consegnando ciascuno dei risultati proposti<\/li>\n\n\n\n<li>Gestire le attivit\u00e0 finanziarie e amministrative<\/li>\n\n\n\n<li>Stabilire un\u2019infrastruttura di comunicazione efficace e favorire il processo di integrazione all\u2019interno del consorzio e con enti esterni<\/li>\n\n\n\n<li>Istituire, gestire e supportare l&#8217;Agritech Academy<\/li>\n\n\n\n<li>Coordinare e gestire le attivit\u00e0 di cross-spoke e trasferimento tecnologico<\/li>\n<\/ol>\n\n\n\n<p>Le attivit\u00e0 trasversali svolte dall\u2019Hub forniranno servizi trasversali per coordinare le attivit\u00e0 di ricerca svolte dagli Spokes e accelerare lo sviluppo tecnologico.<\/p>\n\n\n\n<p><strong>Modello Organizzativo<br><\/strong> Al fine di svolgere le attivit\u00e0 di gestione e coordinamento richieste dal Programma di Ricerca, il Polo ha nominato un Direttore (che \u00e8 anche il Responsabile Principale della Ricerca del Programma), responsabile dell&#8217;attuazione delle attivit\u00e0 previste. Il Direttore \u00e8 supportato dalle unit\u00e0 operative dell&#8217;Hub, a ciascuna assegnate specifiche funzioni.&nbsp;<\/p>\n\n\n\n<p><strong>Agritech Academy<br><\/strong>Agritech Academy \u00e8 un luogo di didattica e trasferimento tecnologico gestito dall\u2019Hub come attivit\u00e0 trasversale. L&#8217;Accademia \u00e8 finanziata dall&#8217;Hub, ha sede ufficiale presso la sede centrale dell&#8217;hub e sar\u00e0 gestita dall&#8217;infrastruttura di gestione del programma. Le attivit\u00e0 didattiche, di trasferimento tecnologico e sul campo verranno svolte presso la sede dell&#8217;Hub nonch\u00e9 presso la sede dello raggio o in altre sedi indicate dallo raggio per la formazione su attivit\u00e0 specifiche..<\/p>\n\t\t\t\t\t\t<\/div>\n\t\t\t\t<\/div>\n\t\t\t\t\t<\/div>\n\t\t\t\t<\/div>\n\t\t<div class=\"elementor-element elementor-element-7541746 e-flex e-con-boxed e-con e-parent\" data-id=\"7541746\" data-element_type=\"container\" data-settings=\"{&quot;background_background&quot;:&quot;classic&quot;}\">\n\t\t\t\t\t<div class=\"e-con-inner\">\n\t\t\t\t<div class=\"elementor-element elementor-element-128dd99 elementor-widget elementor-widget-heading\" data-id=\"128dd99\" data-element_type=\"widget\" data-widget_type=\"heading.default\">\n\t\t\t\t<div class=\"elementor-widget-container\">\n\t\t\t<style>\/*! elementor - v3.21.0 - 15-04-2024 *\/\n.elementor-heading-title{padding:0;margin:0;line-height:1}.elementor-widget-heading .elementor-heading-title[class*=elementor-size-]>a{color:inherit;font-size:inherit;line-height:inherit}.elementor-widget-heading .elementor-heading-title.elementor-size-small{font-size:15px}.elementor-widget-heading .elementor-heading-title.elementor-size-medium{font-size:19px}.elementor-widget-heading .elementor-heading-title.elementor-size-large{font-size:29px}.elementor-widget-heading .elementor-heading-title.elementor-size-xl{font-size:39px}.elementor-widget-heading .elementor-heading-title.elementor-size-xxl{font-size:59px}<\/style><h3 class=\"elementor-heading-title elementor-size-default\">Management<\/h3>\t\t<\/div>\n\t\t\t\t<\/div>\n\t\t\t\t<div class=\"elementor-element elementor-element-a1d1fcd elementor-widget elementor-widget-text-editor\" data-id=\"a1d1fcd\" data-element_type=\"widget\" data-widget_type=\"text-editor.default\">\n\t\t\t\t<div class=\"elementor-widget-container\">\n\t\t\t\t\t\t\t<p>Monitoraggio dello sviluppo del progetto, presentazione di relazioni scientifiche e amministrative<\/p>\n\t\t\t\t\t\t<\/div>\n\t\t\t\t<\/div>\n\t\t\t\t<div class=\"elementor-element elementor-element-4b4ced6 elementor-widget elementor-widget-heading\" data-id=\"4b4ced6\" data-element_type=\"widget\" data-widget_type=\"heading.default\">\n\t\t\t\t<div class=\"elementor-widget-container\">\n\t\t\t<h3 class=\"elementor-heading-title elementor-size-default\">Training<\/h3>\t\t<\/div>\n\t\t\t\t<\/div>\n\t\t\t\t<div class=\"elementor-element elementor-element-9e6ce5e elementor-widget elementor-widget-text-editor\" data-id=\"9e6ce5e\" data-element_type=\"widget\" data-widget_type=\"text-editor.default\">\n\t\t\t\t<div class=\"elementor-widget-container\">\n\t\t\t\t\t\t\t<p>Creazione e gestione dell&#8217;Agritech Academy<\/p>\n\t\t\t\t\t\t<\/div>\n\t\t\t\t<\/div>\n\t\t\t\t<div class=\"elementor-element elementor-element-be9064c elementor-widget elementor-widget-heading\" data-id=\"be9064c\" data-element_type=\"widget\" data-widget_type=\"heading.default\">\n\t\t\t\t<div class=\"elementor-widget-container\">\n\t\t\t<h3 class=\"elementor-heading-title elementor-size-default\">Trasferimento tecnologico\n<\/h3>\t\t<\/div>\n\t\t\t\t<\/div>\n\t\t\t\t<div class=\"elementor-element elementor-element-f8fe97a elementor-widget elementor-widget-text-editor\" data-id=\"f8fe97a\" data-element_type=\"widget\" data-widget_type=\"text-editor.default\">\n\t\t\t\t<div class=\"elementor-widget-container\">\n\t\t\t\t\t\t\t<p>Organizzazione e gestione di iniziative di trasferimento tecnologico<\/p>\n\t\t\t\t\t\t<\/div>\n\t\t\t\t<\/div>\n\t\t\t\t\t<\/div>\n\t\t\t\t<\/div>\n\t\t<div class=\"elementor-element elementor-element-a20c76c e-flex e-con-boxed e-con e-parent\" data-id=\"a20c76c\" data-element_type=\"container\">\n\t\t\t\t\t<div class=\"e-con-inner\">\n\t\t\t\t<div class=\"elementor-element elementor-element-77b6b67 elementor-widget elementor-widget-image\" data-id=\"77b6b67\" data-element_type=\"widget\" data-widget_type=\"image.default\">\n\t\t\t\t<div class=\"elementor-widget-container\">\n\t\t\t<style>\/*! elementor - v3.21.0 - 15-04-2024 *\/\n.elementor-widget-image{text-align:center}.elementor-widget-image a{display:inline-block}.elementor-widget-image a img[src$=\".svg\"]{width:48px}.elementor-widget-image img{vertical-align:middle;display:inline-block}<\/style>\t\t\t\t\t\t\t\t\t\t<img fetchpriority=\"high\" decoding=\"async\" width=\"1671\" height=\"879\" src=\"https:\/\/staging.agritechcenter.it\/wp-content\/uploads\/2023\/11\/hub01.jpg\" class=\"attachment-full size-full wp-image-2173\" alt=\"\" srcset=\"https:\/\/staging.agritechcenter.it\/wp-content\/uploads\/2023\/11\/hub01.jpg 1671w, https:\/\/staging.agritechcenter.it\/wp-content\/uploads\/2023\/11\/hub01-300x158.jpg 300w, https:\/\/staging.agritechcenter.it\/wp-content\/uploads\/2023\/11\/hub01-1024x539.jpg 1024w, https:\/\/staging.agritechcenter.it\/wp-content\/uploads\/2023\/11\/hub01-768x404.jpg 768w, https:\/\/staging.agritechcenter.it\/wp-content\/uploads\/2023\/11\/hub01-1536x808.jpg 1536w\" sizes=\"(max-width: 1671px) 100vw, 1671px\" \/>\t\t\t\t\t\t\t\t\t\t\t\t\t<\/div>\n\t\t\t\t<\/div>\n\t\t\t\t<div class=\"elementor-element elementor-element-4b88e60 elementor-widget elementor-widget-image\" data-id=\"4b88e60\" data-element_type=\"widget\" data-widget_type=\"image.default\">\n\t\t\t\t<div class=\"elementor-widget-container\">\n\t\t\t\t\t\t\t\t\t\t\t\t\t<img decoding=\"async\" width=\"1671\" height=\"879\" src=\"https:\/\/staging.agritechcenter.it\/wp-content\/uploads\/2023\/11\/hub02.jpg\" class=\"attachment-full size-full wp-image-2174\" alt=\"\" srcset=\"https:\/\/staging.agritechcenter.it\/wp-content\/uploads\/2023\/11\/hub02.jpg 1671w, https:\/\/staging.agritechcenter.it\/wp-content\/uploads\/2023\/11\/hub02-300x158.jpg 300w, https:\/\/staging.agritechcenter.it\/wp-content\/uploads\/2023\/11\/hub02-1024x539.jpg 1024w, https:\/\/staging.agritechcenter.it\/wp-content\/uploads\/2023\/11\/hub02-768x404.jpg 768w, https:\/\/staging.agritechcenter.it\/wp-content\/uploads\/2023\/11\/hub02-1536x808.jpg 1536w\" sizes=\"(max-width: 1671px) 100vw, 1671px\" \/>\t\t\t\t\t\t\t\t\t\t\t\t\t<\/div>\n\t\t\t\t<\/div>\n\t\t\t\t\t<\/div>\n\t\t\t\t<\/div>\n\t\t\t\t<\/div>\n\t\t","protected":false},"excerpt":{"rendered":"<p>L&#8217;Hub sar\u00e0 principalmente l&#8217;ente di gestione dell&#8217;Agritech. Inoltre, l&#8217;Hub \u00e8 pensato anche per organizzare e fornire numerosi servizi e attivit\u00e0 trasversali:Obiettivi delle attivit\u00e0 dell&#8217;Hub Garantire la corretta gestione complessiva del progetto al fine di rafforzare e supportare gli obiettivi, completando le tappe fondamentali in tempo e consegnando ciascuno dei risultati proposti Gestire le attivit\u00e0 finanziarie &#8230; <a title=\"Hub\" class=\"read-more\" href=\"https:\/\/staging.agritechcenter.it\/it\/hub\/\" aria-label=\"Per saperne di pi\u00f9 su Hub\">Leggi tutto<\/a><\/p>\n","protected":false},"author":4,"featured_media":0,"parent":0,"menu_order":0,"comment_status":"closed","ping_status":"closed","template":"","meta":{"_acf_changed":false,"footnotes":""},"class_list":["post-2548","page","type-page","status-publish"],"acf":[],"yoast_head":"<!-- This site is optimized with the Yoast SEO plugin v22.4 - https:\/\/yoast.com\/wordpress\/plugins\/seo\/ -->\n<title>Hub - Agritech Center<\/title>\n<meta name=\"robots\" content=\"noindex, follow, max-snippet:-1, max-image-preview:large, max-video-preview:-1\" \/>\n<meta property=\"og:locale\" content=\"it_IT\" \/>\n<meta property=\"og:type\" content=\"article\" \/>\n<meta property=\"og:title\" content=\"Hub - Agritech Center\" \/>\n<meta property=\"og:description\" content=\"L&#8217;Hub sar\u00e0 principalmente l&#8217;ente di gestione dell&#8217;Agritech. Inoltre, l&#8217;Hub \u00e8 pensato anche per organizzare e fornire numerosi servizi e attivit\u00e0 trasversali:Obiettivi delle attivit\u00e0 dell&#8217;Hub Garantire la corretta gestione complessiva del progetto al fine di rafforzare e supportare gli obiettivi, completando le tappe fondamentali in tempo e consegnando ciascuno dei risultati proposti Gestire le attivit\u00e0 finanziarie ... Leggi tutto\" \/>\n<meta property=\"og:url\" content=\"https:\/\/staging.agritechcenter.it\/it\/hub\/\" \/>\n<meta property=\"og:site_name\" content=\"Agritech Center\" \/>\n<meta property=\"article:modified_time\" content=\"2023-11-27T12:14:10+00:00\" \/>\n<meta property=\"og:image\" content=\"https:\/\/staging.agritechcenter.it\/wp-content\/uploads\/2023\/11\/hub01.jpg\" \/>\n<meta name=\"twitter:card\" content=\"summary_large_image\" \/>\n<meta name=\"twitter:label1\" content=\"Tempo di lettura stimato\" \/>\n\t<meta name=\"twitter:data1\" content=\"1 minuto\" \/>\n<script type=\"application\/ld+json\" class=\"yoast-schema-graph\">{\"@context\":\"https:\/\/schema.org\",\"@graph\":[{\"@type\":\"WebPage\",\"@id\":\"https:\/\/staging.agritechcenter.it\/it\/hub\/\",\"url\":\"https:\/\/staging.agritechcenter.it\/it\/hub\/\",\"name\":\"Hub - Agritech Center\",\"isPartOf\":{\"@id\":\"https:\/\/staging.agritechcenter.it\/#website\"},\"primaryImageOfPage\":{\"@id\":\"https:\/\/staging.agritechcenter.it\/it\/hub\/#primaryimage\"},\"image\":{\"@id\":\"https:\/\/staging.agritechcenter.it\/it\/hub\/#primaryimage\"},\"thumbnailUrl\":\"https:\/\/staging.agritechcenter.it\/wp-content\/uploads\/2023\/11\/hub01.jpg\",\"datePublished\":\"2023-11-20T07:54:38+00:00\",\"dateModified\":\"2023-11-27T12:14:10+00:00\",\"breadcrumb\":{\"@id\":\"https:\/\/staging.agritechcenter.it\/it\/hub\/#breadcrumb\"},\"inLanguage\":\"it-IT\",\"potentialAction\":[{\"@type\":\"ReadAction\",\"target\":[\"https:\/\/staging.agritechcenter.it\/it\/hub\/\"]}]},{\"@type\":\"ImageObject\",\"inLanguage\":\"it-IT\",\"@id\":\"https:\/\/staging.agritechcenter.it\/it\/hub\/#primaryimage\",\"url\":\"https:\/\/staging.agritechcenter.it\/wp-content\/uploads\/2023\/11\/hub01.jpg\",\"contentUrl\":\"https:\/\/staging.agritechcenter.it\/wp-content\/uploads\/2023\/11\/hub01.jpg\"},{\"@type\":\"BreadcrumbList\",\"@id\":\"https:\/\/staging.agritechcenter.it\/it\/hub\/#breadcrumb\",\"itemListElement\":[{\"@type\":\"ListItem\",\"position\":1,\"name\":\"Home\",\"item\":\"https:\/\/staging.agritechcenter.it\/it\/\"},{\"@type\":\"ListItem\",\"position\":2,\"name\":\"Hub\"}]},{\"@type\":\"WebSite\",\"@id\":\"https:\/\/staging.agritechcenter.it\/#website\",\"url\":\"https:\/\/staging.agritechcenter.it\/\",\"name\":\"Agritech Center\",\"description\":\"\",\"publisher\":{\"@id\":\"https:\/\/staging.agritechcenter.it\/#organization\"},\"potentialAction\":[{\"@type\":\"SearchAction\",\"target\":{\"@type\":\"EntryPoint\",\"urlTemplate\":\"https:\/\/staging.agritechcenter.it\/?s={search_term_string}\"},\"query-input\":\"required name=search_term_string\"}],\"inLanguage\":\"it-IT\"},{\"@type\":\"Organization\",\"@id\":\"https:\/\/staging.agritechcenter.it\/#organization\",\"name\":\"Agritech Center\",\"url\":\"https:\/\/staging.agritechcenter.it\/\",\"logo\":{\"@type\":\"ImageObject\",\"inLanguage\":\"it-IT\",\"@id\":\"https:\/\/staging.agritechcenter.it\/#\/schema\/logo\/image\/\",\"url\":\"https:\/\/staging.agritechcenter.it\/wp-content\/uploads\/2023\/11\/logoAgritech.png\",\"contentUrl\":\"https:\/\/staging.agritechcenter.it\/wp-content\/uploads\/2023\/11\/logoAgritech.png\",\"width\":600,\"height\":406,\"caption\":\"Agritech Center\"},\"image\":{\"@id\":\"https:\/\/staging.agritechcenter.it\/#\/schema\/logo\/image\/\"}}]}<\/script>\n<!-- \/ Yoast SEO plugin. -->","yoast_head_json":{"title":"Hub - Agritech Center","robots":{"index":"noindex","follow":"follow","max-snippet":"max-snippet:-1","max-image-preview":"max-image-preview:large","max-video-preview":"max-video-preview:-1"},"og_locale":"it_IT","og_type":"article","og_title":"Hub - Agritech Center","og_description":"L&#8217;Hub sar\u00e0 principalmente l&#8217;ente di gestione dell&#8217;Agritech. Inoltre, l&#8217;Hub \u00e8 pensato anche per organizzare e fornire numerosi servizi e attivit\u00e0 trasversali:Obiettivi delle attivit\u00e0 dell&#8217;Hub Garantire la corretta gestione complessiva del progetto al fine di rafforzare e supportare gli obiettivi, completando le tappe fondamentali in tempo e consegnando ciascuno dei risultati proposti Gestire le attivit\u00e0 finanziarie ... Leggi tutto","og_url":"https:\/\/staging.agritechcenter.it\/it\/hub\/","og_site_name":"Agritech Center","article_modified_time":"2023-11-27T12:14:10+00:00","og_image":[{"url":"https:\/\/staging.agritechcenter.it\/wp-content\/uploads\/2023\/11\/hub01.jpg"}],"twitter_card":"summary_large_image","twitter_misc":{"Tempo di lettura stimato":"1 minuto"},"schema":{"@context":"https:\/\/schema.org","@graph":[{"@type":"WebPage","@id":"https:\/\/staging.agritechcenter.it\/it\/hub\/","url":"https:\/\/staging.agritechcenter.it\/it\/hub\/","name":"Hub - Agritech Center","isPartOf":{"@id":"https:\/\/staging.agritechcenter.it\/#website"},"primaryImageOfPage":{"@id":"https:\/\/staging.agritechcenter.it\/it\/hub\/#primaryimage"},"image":{"@id":"https:\/\/staging.agritechcenter.it\/it\/hub\/#primaryimage"},"thumbnailUrl":"https:\/\/staging.agritechcenter.it\/wp-content\/uploads\/2023\/11\/hub01.jpg","datePublished":"2023-11-20T07:54:38+00:00","dateModified":"2023-11-27T12:14:10+00:00","breadcrumb":{"@id":"https:\/\/staging.agritechcenter.it\/it\/hub\/#breadcrumb"},"inLanguage":"it-IT","potentialAction":[{"@type":"ReadAction","target":["https:\/\/staging.agritechcenter.it\/it\/hub\/"]}]},{"@type":"ImageObject","inLanguage":"it-IT","@id":"https:\/\/staging.agritechcenter.it\/it\/hub\/#primaryimage","url":"https:\/\/staging.agritechcenter.it\/wp-content\/uploads\/2023\/11\/hub01.jpg","contentUrl":"https:\/\/staging.agritechcenter.it\/wp-content\/uploads\/2023\/11\/hub01.jpg"},{"@type":"BreadcrumbList","@id":"https:\/\/staging.agritechcenter.it\/it\/hub\/#breadcrumb","itemListElement":[{"@type":"ListItem","position":1,"name":"Home","item":"https:\/\/staging.agritechcenter.it\/it\/"},{"@type":"ListItem","position":2,"name":"Hub"}]},{"@type":"WebSite","@id":"https:\/\/staging.agritechcenter.it\/#website","url":"https:\/\/staging.agritechcenter.it\/","name":"Agritech Center","description":"","publisher":{"@id":"https:\/\/staging.agritechcenter.it\/#organization"},"potentialAction":[{"@type":"SearchAction","target":{"@type":"EntryPoint","urlTemplate":"https:\/\/staging.agritechcenter.it\/?s={search_term_string}"},"query-input":"required name=search_term_string"}],"inLanguage":"it-IT"},{"@type":"Organization","@id":"https:\/\/staging.agritechcenter.it\/#organization","name":"Agritech Center","url":"https:\/\/staging.agritechcenter.it\/","logo":{"@type":"ImageObject","inLanguage":"it-IT","@id":"https:\/\/staging.agritechcenter.it\/#\/schema\/logo\/image\/","url":"https:\/\/staging.agritechcenter.it\/wp-content\/uploads\/2023\/11\/logoAgritech.png","contentUrl":"https:\/\/staging.agritechcenter.it\/wp-content\/uploads\/2023\/11\/logoAgritech.png","width":600,"height":406,"caption":"Agritech Center"},"image":{"@id":"https:\/\/staging.agritechcenter.it\/#\/schema\/logo\/image\/"}}]}},"jetpack_sharing_enabled":true,"_links":{"self":[{"href":"https:\/\/staging.agritechcenter.it\/it\/wp-json\/wp\/v2\/pages\/2548","targetHints":{"allow":["GET"]}}],"collection":[{"href":"https:\/\/staging.agritechcenter.it\/it\/wp-json\/wp\/v2\/pages"}],"about":[{"href":"https:\/\/staging.agritechcenter.it\/it\/wp-json\/wp\/v2\/types\/page"}],"author":[{"embeddable":true,"href":"https:\/\/staging.agritechcenter.it\/it\/wp-json\/wp\/v2\/users\/4"}],"replies":[{"embeddable":true,"href":"https:\/\/staging.agritechcenter.it\/it\/wp-json\/wp\/v2\/comments?post=2548"}],"version-history":[{"count":3,"href":"https:\/\/staging.agritechcenter.it\/it\/wp-json\/wp\/v2\/pages\/2548\/revisions"}],"predecessor-version":[{"id":2551,"href":"https:\/\/staging.agritechcenter.it\/it\/wp-json\/wp\/v2\/pages\/2548\/revisions\/2551"}],"wp:attachment":[{"href":"https:\/\/staging.agritechcenter.it\/it\/wp-json\/wp\/v2\/media?parent=2548"}],"curies":[{"name":"wp","href":"https:\/\/api.w.org\/{rel}","templated":true}]}}